{"id":526,"date":"2023-10-03T14:06:30","date_gmt":"2023-10-03T17:06:30","guid":{"rendered":"https:\/\/mpa.siteup.dev\/?page_id=526"},"modified":"2023-12-20T16:01:51","modified_gmt":"2023-12-20T19:01:51","slug":"contato","status":"publish","type":"page","link":"https:\/\/mpa.siteup.dev\/es\/contato\/","title":{"rendered":"Contato"},"content":{"rendered":"<div data-elementor-type=\"wp-page\" data-elementor-id=\"526\" class=\"elementor elementor-526\" data-elementor-post-type=\"page\">\n\t\t\t\t\t\t\t<div class=\"elementor-element elementor-element-6c79884 e-flex e-con-boxed e-con e-parent\" data-id=\"6c79884\" data-element_type=\"container\" data-settings=\"{&quot;jet_parallax_layout_list&quot;:[],&quot;content_width&quot;:&quot;boxed&quot;}\" data-core-v316-plus=\"true\">\n\t\t\t\t\t<div class=\"e-con-inner\">\n\t\t<div class=\"elementor-element elementor-element-5293681 e-con-full e-flex e-con e-child\" data-id=\"5293681\" data-element_type=\"container\" data-settings=\"{&quot;content_width&quot;:&quot;full&quot;,&quot;jet_parallax_layout_list&quot;:[]}\">\n\t\t\t\t<div class=\"elementor-element elementor-element-ba843f3 elementor-widget elementor-widget-heading\" data-id=\"ba843f3\" data-element_type=\"widget\" data-widget_type=\"heading.default\">\n\t\t\t\t<div class=\"elementor-widget-container\">\n\t\t\t<h2 class=\"elementor-heading-title elementor-size-default\">Fale Conosco<\/h2>\t\t<\/div>\n\t\t\t\t<\/div>\n\t\t\t\t<div class=\"elementor-element elementor-element-df91e79 elementor-widget elementor-widget-text-editor\" data-id=\"df91e79\" data-element_type=\"widget\" data-widget_type=\"text-editor.default\">\n\t\t\t\t<div class=\"elementor-widget-container\">\n\t\t\t\t\t\t\t<p>Entre em contato conosco ou deixe uma mensagem.<\/p>\t\t\t\t\t\t<\/div>\n\t\t\t\t<\/div>\n\t\t\t\t<div class=\"elementor-element elementor-element-2420969 slice-btn elementor-button-align-stretch elementor-widget elementor-widget-form\" data-id=\"2420969\" data-element_type=\"widget\" data-settings=\"{&quot;button_width&quot;:&quot;50&quot;,&quot;step_next_label&quot;:&quot;Pr\\u00f3ximo&quot;,&quot;step_previous_label&quot;:&quot;Anterior&quot;,&quot;step_type&quot;:&quot;number_text&quot;,&quot;step_icon_shape&quot;:&quot;circle&quot;}\" data-widget_type=\"form.default\">\n\t\t\t\t<div class=\"elementor-widget-container\">\n\t\t\t\t\t<form class=\"elementor-form\" method=\"post\" name=\"Novo formul\u00e1rio\" action=\"\">\n\t\t\t<input type=\"hidden\" name=\"post_id\" value=\"526\"\/>\n\t\t\t<input type=\"hidden\" name=\"form_id\" value=\"2420969\"\/>\n\t\t\t<input type=\"hidden\" name=\"referer_title\" value=\"MPA Automa\u00e7\u00e3o\" \/>\n\n\t\t\t\n\t\t\t<div class=\"elementor-form-fields-wrapper elementor-labels-above\">\n\t\t\t\t\t\t\t\t<div class=\"elementor-field-type-text elementor-field-group elementor-column elementor-field-group-name elementor-col-100\">\n\t\t\t\t\t\t\t\t\t\t\t\t<label for=\"form-field-name\" class=\"elementor-field-label\">\n\t\t\t\t\t\t\t\tNome\t\t\t\t\t\t\t<\/label>\n\t\t\t\t\t\t\t\t\t\t\t\t\t\t<input size=\"1\" type=\"text\" name=\"form_fields[name]\" id=\"form-field-name\" class=\"elementor-field elementor-size-sm  elementor-field-textual\" placeholder=\"Seu Nome\">\n\t\t\t\t\t\t\t\t\t\t\t<\/div>\n\t\t\t\t\t\t\t\t<div class=\"elementor-field-type-email elementor-field-group elementor-column elementor-field-group-email elementor-col-100 elementor-field-required\">\n\t\t\t\t\t\t\t\t\t\t\t\t<label for=\"form-field-email\" class=\"elementor-field-label\">\n\t\t\t\t\t\t\t\tE-mail\t\t\t\t\t\t\t<\/label>\n\t\t\t\t\t\t\t\t\t\t\t\t\t\t<input size=\"1\" type=\"email\" name=\"form_fields[email]\" id=\"form-field-email\" class=\"elementor-field elementor-size-sm  elementor-field-textual\" placeholder=\"Digite seu e-mail\" required=\"required\" aria-required=\"true\">\n\t\t\t\t\t\t\t\t\t\t\t<\/div>\n\t\t\t\t\t\t\t\t<div class=\"elementor-field-type-textarea elementor-field-group elementor-column elementor-field-group-message elementor-col-100\">\n\t\t\t\t\t\t\t\t\t\t\t\t<label for=\"form-field-message\" class=\"elementor-field-label\">\n\t\t\t\t\t\t\t\tAssunto\t\t\t\t\t\t\t<\/label>\n\t\t\t\t\t\t<textarea class=\"elementor-field-textual elementor-field  elementor-size-sm\" name=\"form_fields[message]\" id=\"form-field-message\" rows=\"1\" placeholder=\"Qual o assunto\"><\/textarea>\t\t\t\t<\/div>\n\t\t\t\t\t\t\t\t<div class=\"elementor-field-type-textarea elementor-field-group elementor-column elementor-field-group-field_099efd6 elementor-col-100\">\n\t\t\t\t\t\t\t\t\t\t\t\t<label for=\"form-field-field_099efd6\" class=\"elementor-field-label\">\n\t\t\t\t\t\t\t\tMensagem\t\t\t\t\t\t\t<\/label>\n\t\t\t\t\t\t<textarea class=\"elementor-field-textual elementor-field  elementor-size-sm\" name=\"form_fields[field_099efd6]\" id=\"form-field-field_099efd6\" rows=\"4\" placeholder=\"Digite aqui a sua mensagem...\"><\/textarea>\t\t\t\t<\/div>\n\t\t\t\t\t\t\t\t<div class=\"elementor-field-group elementor-column elementor-field-type-submit elementor-col-50 e-form__buttons\">\n\t\t\t\t\t<button type=\"submit\" class=\"elementor-button elementor-size-sm elementor-animation-grow\">\n\t\t\t\t\t\t<span >\n\t\t\t\t\t\t\t\t\t\t\t\t\t\t\t<span class=\"elementor-button-icon\">\n\t\t\t\t\t\t\t\t\t\t\t\t\t\t\t\t\t\t\t\t\t\t\t\t\t\t<\/span>\n\t\t\t\t\t\t\t\t\t\t\t\t\t\t\t\t\t\t\t\t\t\t<span class=\"elementor-button-text\">Enviar mensagem<\/span>\n\t\t\t\t\t\t\t\t\t\t\t\t\t<\/span>\n\t\t\t\t\t<\/button>\n\t\t\t\t<\/div>\n\t\t\t<\/div>\n\t\t<input type=\"hidden\" name=\"trp-form-language\" value=\"es\"\/><\/form>\n\t\t\t\t<\/div>\n\t\t\t\t<\/div>\n\t\t\t\t<\/div>\n\t\t<div class=\"elementor-element elementor-element-a38a7b3 e-con-full e-flex e-con e-child\" data-id=\"a38a7b3\" data-element_type=\"container\" data-settings=\"{&quot;content_width&quot;:&quot;full&quot;,&quot;jet_parallax_layout_list&quot;:[]}\">\n\t\t\t\t<div class=\"elementor-element elementor-element-21ffa69 elementor-widget elementor-widget-heading\" data-id=\"21ffa69\" data-element_type=\"widget\" data-widget_type=\"heading.default\">\n\t\t\t\t<div class=\"elementor-widget-container\">\n\t\t\t<h2 class=\"elementor-heading-title elementor-size-default\">Contato<\/h2>\t\t<\/div>\n\t\t\t\t<\/div>\n\t\t\t\t<div class=\"elementor-element elementor-element-3c180ea elementor-widget elementor-widget-text-editor\" data-id=\"3c180ea\" data-element_type=\"widget\" data-widget_type=\"text-editor.default\">\n\t\t\t\t<div class=\"elementor-widget-container\">\n\t\t\t\t\t\t\t<p>Telefones<\/p>\t\t\t\t\t\t<\/div>\n\t\t\t\t<\/div>\n\t\t\t\t<div class=\"elementor-element elementor-element-f52b243 elementor-icon-list--layout-inline elementor-list-item-link-full_width elementor-widget elementor-widget-icon-list\" data-id=\"f52b243\" data-element_type=\"widget\" data-widget_type=\"icon-list.default\">\n\t\t\t\t<div class=\"elementor-widget-container\">\n\t\t\t\t\t<ul class=\"elementor-icon-list-items elementor-inline-items\">\n\t\t\t\t\t\t\t<li class=\"elementor-icon-list-item elementor-inline-item\">\n\t\t\t\t\t\t\t\t\t\t\t<span class=\"elementor-icon-list-icon\">\n\t\t\t\t\t\t\t<svg xmlns=\"http:\/\/www.w3.org\/2000\/svg\" width=\"20\" height=\"20\" viewbox=\"0 0 20 20\" fill=\"none\"><path d=\"M18.3332 14.0999V16.5999C18.3341 16.832 18.2866 17.0617 18.1936 17.2744C18.1006 17.487 17.9643 17.6779 17.7933 17.8348C17.6222 17.9917 17.4203 18.1112 17.2005 18.1855C16.9806 18.2599 16.7477 18.2875 16.5165 18.2666C13.9522 17.988 11.489 17.1117 9.32486 15.7083C7.31139 14.4288 5.60431 12.7217 4.32486 10.7083C2.91651 8.53426 2.04007 6.05908 1.76653 3.48325C1.7457 3.25281 1.77309 3.02055 1.84695 2.80127C1.9208 2.58199 2.03951 2.38049 2.1955 2.2096C2.3515 2.03871 2.54137 1.90218 2.75302 1.80869C2.96468 1.7152 3.19348 1.6668 3.42486 1.66658H5.92486C6.32928 1.6626 6.72136 1.80582 7.028 2.06953C7.33464 2.33324 7.53493 2.69946 7.59153 3.09992C7.69705 3.89997 7.89274 4.68552 8.17486 5.44158C8.28698 5.73985 8.31125 6.06401 8.24478 6.37565C8.17832 6.68729 8.02392 6.97334 7.79986 7.19992L6.74153 8.25825C7.92783 10.3445 9.65524 12.072 11.7415 13.2583L12.7999 12.1999C13.0264 11.9759 13.3125 11.8215 13.6241 11.755C13.9358 11.6885 14.2599 11.7128 14.5582 11.8249C15.3143 12.107 16.0998 12.3027 16.8999 12.4083C17.3047 12.4654 17.6744 12.6693 17.9386 12.9812C18.2029 13.2931 18.3433 13.6912 18.3332 14.0999Z\" stroke=\"#6B001B\" stroke-width=\"2\" stroke-linecap=\"round\" stroke-linejoin=\"round\"><\/path><\/svg>\t\t\t\t\t\t<\/span>\n\t\t\t\t\t\t\t\t\t\t<span class=\"elementor-icon-list-text\">+55 (31) 2552-0674 | +55 31 9674-3581<\/span>\n\t\t\t\t\t\t\t\t\t<\/li>\n\t\t\t\t\t\t<\/ul>\n\t\t\t\t<\/div>\n\t\t\t\t<\/div>\n\t\t\t\t<div class=\"elementor-element elementor-element-89f7a1a elementor-widget elementor-widget-text-editor\" data-id=\"89f7a1a\" data-element_type=\"widget\" data-widget_type=\"text-editor.default\">\n\t\t\t\t<div class=\"elementor-widget-container\">\n\t\t\t\t\t\t\t<p>E-mails<\/p>\t\t\t\t\t\t<\/div>\n\t\t\t\t<\/div>\n\t\t\t\t<div class=\"elementor-element elementor-element-02b2ac1 elementor-icon-list--layout-traditional elementor-list-item-link-full_width elementor-widget elementor-widget-icon-list\" data-id=\"02b2ac1\" data-element_type=\"widget\" data-widget_type=\"icon-list.default\">\n\t\t\t\t<div class=\"elementor-widget-container\">\n\t\t\t\t\t<ul class=\"elementor-icon-list-items\">\n\t\t\t\t\t\t\t<li class=\"elementor-icon-list-item\">\n\t\t\t\t\t\t\t\t\t\t\t<span class=\"elementor-icon-list-icon\">\n\t\t\t\t\t\t\t<svg xmlns=\"http:\/\/www.w3.org\/2000\/svg\" width=\"20\" height=\"20\" viewbox=\"0 0 20 20\" fill=\"none\"><path d=\"M3.33268 3.3335H16.666C17.5827 3.3335 18.3327 4.0835 18.3327 5.00016V15.0002C18.3327 15.9168 17.5827 16.6668 16.666 16.6668H3.33268C2.41602 16.6668 1.66602 15.9168 1.66602 15.0002V5.00016C1.66602 4.0835 2.41602 3.3335 3.33268 3.3335Z\" stroke=\"#6B001B\" stroke-width=\"2\" stroke-linecap=\"round\" stroke-linejoin=\"round\"><\/path><path d=\"M18.3327 5L9.99935 10.8333L1.66602 5\" stroke=\"#6B001B\" stroke-width=\"2\" stroke-linecap=\"round\" stroke-linejoin=\"round\"><\/path><\/svg>\t\t\t\t\t\t<\/span>\n\t\t\t\t\t\t\t\t\t\t<span class=\"elementor-icon-list-text\"><strong>administrativo<\/strong>@mpaautoma\u00e7\u00e3o.com<\/span>\n\t\t\t\t\t\t\t\t\t<\/li>\n\t\t\t\t\t\t\t\t<li class=\"elementor-icon-list-item\">\n\t\t\t\t\t\t\t\t\t\t\t<span class=\"elementor-icon-list-icon\">\n\t\t\t\t\t\t\t<svg xmlns=\"http:\/\/www.w3.org\/2000\/svg\" width=\"20\" height=\"20\" viewbox=\"0 0 20 20\" fill=\"none\"><path d=\"M3.33268 3.3335H16.666C17.5827 3.3335 18.3327 4.0835 18.3327 5.00016V15.0002C18.3327 15.9168 17.5827 16.6668 16.666 16.6668H3.33268C2.41602 16.6668 1.66602 15.9168 1.66602 15.0002V5.00016C1.66602 4.0835 2.41602 3.3335 3.33268 3.3335Z\" stroke=\"#6B001B\" stroke-width=\"2\" stroke-linecap=\"round\" stroke-linejoin=\"round\"><\/path><path d=\"M18.3327 5L9.99935 10.8333L1.66602 5\" stroke=\"#6B001B\" stroke-width=\"2\" stroke-linecap=\"round\" stroke-linejoin=\"round\"><\/path><\/svg>\t\t\t\t\t\t<\/span>\n\t\t\t\t\t\t\t\t\t\t<span class=\"elementor-icon-list-text\"><strong>comercial<\/strong>@mpaautoma\u00e7\u00e3o.com<\/span>\n\t\t\t\t\t\t\t\t\t<\/li>\n\t\t\t\t\t\t\t\t<li class=\"elementor-icon-list-item\">\n\t\t\t\t\t\t\t\t\t\t\t<span class=\"elementor-icon-list-icon\">\n\t\t\t\t\t\t\t<svg xmlns=\"http:\/\/www.w3.org\/2000\/svg\" width=\"20\" height=\"20\" viewbox=\"0 0 20 20\" fill=\"none\"><path d=\"M3.33268 3.3335H16.666C17.5827 3.3335 18.3327 4.0835 18.3327 5.00016V15.0002C18.3327 15.9168 17.5827 16.6668 16.666 16.6668H3.33268C2.41602 16.6668 1.66602 15.9168 1.66602 15.0002V5.00016C1.66602 4.0835 2.41602 3.3335 3.33268 3.3335Z\" stroke=\"#6B001B\" stroke-width=\"2\" stroke-linecap=\"round\" stroke-linejoin=\"round\"><\/path><path d=\"M18.3327 5L9.99935 10.8333L1.66602 5\" stroke=\"#6B001B\" stroke-width=\"2\" stroke-linecap=\"round\" stroke-linejoin=\"round\"><\/path><\/svg>\t\t\t\t\t\t<\/span>\n\t\t\t\t\t\t\t\t\t\t<span class=\"elementor-icon-list-text\"><strong>fiscal<\/strong>@mpaautoma\u00e7\u00e3o.com<\/span>\n\t\t\t\t\t\t\t\t\t<\/li>\n\t\t\t\t\t\t\t\t<li class=\"elementor-icon-list-item\">\n\t\t\t\t\t\t\t\t\t\t\t<span class=\"elementor-icon-list-icon\">\n\t\t\t\t\t\t\t<svg xmlns=\"http:\/\/www.w3.org\/2000\/svg\" width=\"20\" height=\"20\" viewbox=\"0 0 20 20\" fill=\"none\"><path d=\"M3.33268 3.3335H16.666C17.5827 3.3335 18.3327 4.0835 18.3327 5.00016V15.0002C18.3327 15.9168 17.5827 16.6668 16.666 16.6668H3.33268C2.41602 16.6668 1.66602 15.9168 1.66602 15.0002V5.00016C1.66602 4.0835 2.41602 3.3335 3.33268 3.3335Z\" stroke=\"#6B001B\" stroke-width=\"2\" stroke-linecap=\"round\" stroke-linejoin=\"round\"><\/path><path d=\"M18.3327 5L9.99935 10.8333L1.66602 5\" stroke=\"#6B001B\" stroke-width=\"2\" stroke-linecap=\"round\" stroke-linejoin=\"round\"><\/path><\/svg>\t\t\t\t\t\t<\/span>\n\t\t\t\t\t\t\t\t\t\t<span class=\"elementor-icon-list-text\"><strong>oficina<\/strong>@mpaautoma\u00e7\u00e3o.com<\/span>\n\t\t\t\t\t\t\t\t\t<\/li>\n\t\t\t\t\t\t\t\t<li class=\"elementor-icon-list-item\">\n\t\t\t\t\t\t\t\t\t\t\t<span class=\"elementor-icon-list-icon\">\n\t\t\t\t\t\t\t<svg xmlns=\"http:\/\/www.w3.org\/2000\/svg\" width=\"20\" height=\"20\" viewbox=\"0 0 20 20\" fill=\"none\"><path d=\"M3.33268 3.3335H16.666C17.5827 3.3335 18.3327 4.0835 18.3327 5.00016V15.0002C18.3327 15.9168 17.5827 16.6668 16.666 16.6668H3.33268C2.41602 16.6668 1.66602 15.9168 1.66602 15.0002V5.00016C1.66602 4.0835 2.41602 3.3335 3.33268 3.3335Z\" stroke=\"#6B001B\" stroke-width=\"2\" stroke-linecap=\"round\" stroke-linejoin=\"round\"><\/path><path d=\"M18.3327 5L9.99935 10.8333L1.66602 5\" stroke=\"#6B001B\" stroke-width=\"2\" stroke-linecap=\"round\" stroke-linejoin=\"round\"><\/path><\/svg>\t\t\t\t\t\t<\/span>\n\t\t\t\t\t\t\t\t\t\t<span class=\"elementor-icon-list-text\"><strong>suprimentos<\/strong>@mpaautoma\u00e7\u00e3o.com<\/span>\n\t\t\t\t\t\t\t\t\t<\/li>\n\t\t\t\t\t\t\t\t<li class=\"elementor-icon-list-item\">\n\t\t\t\t\t\t\t\t\t\t\t<span class=\"elementor-icon-list-icon\">\n\t\t\t\t\t\t\t<svg xmlns=\"http:\/\/www.w3.org\/2000\/svg\" width=\"20\" height=\"20\" viewbox=\"0 0 20 20\" fill=\"none\"><path d=\"M3.33268 3.3335H16.666C17.5827 3.3335 18.3327 4.0835 18.3327 5.00016V15.0002C18.3327 15.9168 17.5827 16.6668 16.666 16.6668H3.33268C2.41602 16.6668 1.66602 15.9168 1.66602 15.0002V5.00016C1.66602 4.0835 2.41602 3.3335 3.33268 3.3335Z\" stroke=\"#6B001B\" stroke-width=\"2\" stroke-linecap=\"round\" stroke-linejoin=\"round\"><\/path><path d=\"M18.3327 5L9.99935 10.8333L1.66602 5\" stroke=\"#6B001B\" stroke-width=\"2\" stroke-linecap=\"round\" stroke-linejoin=\"round\"><\/path><\/svg>\t\t\t\t\t\t<\/span>\n\t\t\t\t\t\t\t\t\t\t<span class=\"elementor-icon-list-text\"><strong>tecnica<\/strong>@mpaautoma\u00e7\u00e3o.com<\/span>\n\t\t\t\t\t\t\t\t\t<\/li>\n\t\t\t\t\t\t<\/ul>\n\t\t\t\t<\/div>\n\t\t\t\t<\/div>\n\t\t\t\t<div class=\"elementor-element elementor-element-490607c elementor-widget elementor-widget-text-editor\" data-id=\"490607c\" data-element_type=\"widget\" data-widget_type=\"text-editor.default\">\n\t\t\t\t<div class=\"elementor-widget-container\">\n\t\t\t\t\t\t\t<p>Hor\u00e1rios<\/p>\t\t\t\t\t\t<\/div>\n\t\t\t\t<\/div>\n\t\t\t\t<div class=\"elementor-element elementor-element-555754d elementor-icon-list--layout-traditional elementor-list-item-link-full_width elementor-widget elementor-widget-icon-list\" data-id=\"555754d\" data-element_type=\"widget\" data-widget_type=\"icon-list.default\">\n\t\t\t\t<div class=\"elementor-widget-container\">\n\t\t\t\t\t<ul class=\"elementor-icon-list-items\">\n\t\t\t\t\t\t\t<li class=\"elementor-icon-list-item\">\n\t\t\t\t\t\t\t\t\t\t\t<span class=\"elementor-icon-list-icon\">\n\t\t\t\t\t\t\t<svg xmlns=\"http:\/\/www.w3.org\/2000\/svg\" width=\"20\" height=\"20\" viewbox=\"0 0 20 20\" fill=\"none\"><g clip-path=\"url(#clip0_307_20232)\"><path d=\"M9.99935 18.3332C14.6017 18.3332 18.3327 14.6022 18.3327 9.99984C18.3327 5.39746 14.6017 1.6665 9.99935 1.6665C5.39698 1.6665 1.66602 5.39746 1.66602 9.99984C1.66602 14.6022 5.39698 18.3332 9.99935 18.3332Z\" stroke=\"#6B001B\" stroke-width=\"2\" stroke-linecap=\"round\" stroke-linejoin=\"round\"><\/path><path d=\"M10 5V10L13.3333 11.6667\" stroke=\"#6B001B\" stroke-width=\"2\" stroke-linecap=\"round\" stroke-linejoin=\"round\"><\/path><\/g><defs><clippath id=\"clip0_307_20232\"><rect width=\"20\" height=\"20\" fill=\"white\"><\/rect><\/clippath><\/defs><\/svg>\t\t\t\t\t\t<\/span>\n\t\t\t\t\t\t\t\t\t\t<span class=\"elementor-icon-list-text\"><strong>Segunda a quinta<\/strong>: 8:00 a 18:00<\/span>\n\t\t\t\t\t\t\t\t\t<\/li>\n\t\t\t\t\t\t\t\t<li class=\"elementor-icon-list-item\">\n\t\t\t\t\t\t\t\t\t\t\t<span class=\"elementor-icon-list-icon\">\n\t\t\t\t\t\t\t<svg xmlns=\"http:\/\/www.w3.org\/2000\/svg\" width=\"20\" height=\"20\" viewbox=\"0 0 20 20\" fill=\"none\"><g clip-path=\"url(#clip0_307_20232)\"><path d=\"M9.99935 18.3332C14.6017 18.3332 18.3327 14.6022 18.3327 9.99984C18.3327 5.39746 14.6017 1.6665 9.99935 1.6665C5.39698 1.6665 1.66602 5.39746 1.66602 9.99984C1.66602 14.6022 5.39698 18.3332 9.99935 18.3332Z\" stroke=\"#6B001B\" stroke-width=\"2\" stroke-linecap=\"round\" stroke-linejoin=\"round\"><\/path><path d=\"M10 5V10L13.3333 11.6667\" stroke=\"#6B001B\" stroke-width=\"2\" stroke-linecap=\"round\" stroke-linejoin=\"round\"><\/path><\/g><defs><clippath id=\"clip0_307_20232\"><rect width=\"20\" height=\"20\" fill=\"white\"><\/rect><\/clippath><\/defs><\/svg>\t\t\t\t\t\t<\/span>\n\t\t\t\t\t\t\t\t\t\t<span class=\"elementor-icon-list-text\"><strong>Sexta<\/strong>: 8:00 a 17:00<\/span>\n\t\t\t\t\t\t\t\t\t<\/li>\n\t\t\t\t\t\t<\/ul>\n\t\t\t\t<\/div>\n\t\t\t\t<\/div>\n\t\t\t\t<\/div>\n\t\t\t\t\t<\/div>\n\t\t\t\t<\/div>\n\t\t<div class=\"elementor-element elementor-element-93a9af1 e-flex e-con-boxed e-con e-parent\" data-id=\"93a9af1\" data-element_type=\"container\" data-settings=\"{&quot;jet_parallax_layout_list&quot;:[],&quot;content_width&quot;:&quot;boxed&quot;}\" data-core-v316-plus=\"true\">\n\t\t\t\t\t<div class=\"e-con-inner\">\n\t\t\t\t<div class=\"elementor-element elementor-element-72df2c6 elementor-widget elementor-widget-text-editor\" data-id=\"72df2c6\" data-element_type=\"widget\" data-widget_type=\"text-editor.default\">\n\t\t\t\t<div class=\"elementor-widget-container\">\n\t\t\t\t\t\t\t<p><strong>Onde estamos<\/strong>\u00a0 \u00a0 \u00a0 \u00a0Rua Aparecida Feitosa Furtado n\u00ba318, Diamante, Belo Horizonte\/MG<\/p>\t\t\t\t\t\t<\/div>\n\t\t\t\t<\/div>\n\t\t\t\t<div class=\"elementor-element elementor-element-ca7f710 elementor-widget elementor-widget-google_maps\" data-id=\"ca7f710\" data-element_type=\"widget\" data-widget_type=\"google_maps.default\">\n\t\t\t\t<div class=\"elementor-widget-container\">\n\t\t\t\t\t<div class=\"elementor-custom-embed\">\n\t\t\t<iframe loading=\"lazy\"\n\t\t\t\t\tsrc=\"https:\/\/maps.google.com\/maps?q=MPA%20Automa%C3%A7%C3%A3o%20R.%20Aparecida%20Feitosa%20Furtado%2C%20318%20-%20Diamante%2C%20Belo%20Horizonte%20-%20MG&#038;t=m&#038;z=17&#038;output=embed&#038;iwloc=near\"\n\t\t\t\t\ttitle=\"MPA Automa\u00e7\u00e3o R. Aparecida Feitosa Furtado, 318 - Diamante, Belo Horizonte - MG\"\n\t\t\t\t\taria-label=\"MPA Automa\u00e7\u00e3o R. Aparecida Feitosa Furtado, 318 - Diamante, Belo Horizonte - MG\"\n\t\t\t><\/iframe>\n\t\t<\/div>\n\t\t\t\t<\/div>\n\t\t\t\t<\/div>\n\t\t\t\t\t<\/div>\n\t\t\t\t<\/div>\n\t\t<div class=\"elementor-element elementor-element-bb88092 e-flex e-con-boxed e-con e-parent\" data-id=\"bb88092\" data-element_type=\"container\" data-settings=\"{&quot;background_background&quot;:&quot;classic&quot;,&quot;jet_parallax_layout_list&quot;:[],&quot;content_width&quot;:&quot;boxed&quot;}\" data-core-v316-plus=\"true\">\n\t\t\t\t\t<div class=\"e-con-inner\">\n\t\t\t\t<div class=\"elementor-element elementor-element-dcd37a8 elementor-widget elementor-widget-text-editor\" data-id=\"dcd37a8\" data-element_type=\"widget\" data-widget_type=\"text-editor.default\">\n\t\t\t\t<div class=\"elementor-widget-container\">\n\t\t\t\t\t\t\t<p>Trabalhe Conosco<\/p>\t\t\t\t\t\t<\/div>\n\t\t\t\t<\/div>\n\t\t\t\t<div class=\"elementor-element elementor-element-01e2c7f elementor-widget elementor-widget-text-editor\" data-id=\"01e2c7f\" data-element_type=\"widget\" data-widget_type=\"text-editor.default\">\n\t\t\t\t<div class=\"elementor-widget-container\">\n\t\t\t\t\t\t\t<p>Venha fazer parte da equipe MPA.<\/p>\t\t\t\t\t\t<\/div>\n\t\t\t\t<\/div>\n\t\t\t\t<div class=\"elementor-element elementor-element-7b114d4 elementor-align-center slice-btn elementor-widget elementor-widget-button\" data-id=\"7b114d4\" data-element_type=\"widget\" data-widget_type=\"button.default\">\n\t\t\t\t<div class=\"elementor-widget-container\">\n\t\t\t\t\t<div class=\"elementor-button-wrapper\">\n\t\t\t<a class=\"elementor-button elementor-button-link elementor-size-sm elementor-animation-grow\" href=\"#elementor-action:action=popup:open&settings=eyJpZCI6IjIwMjMiLCJ0b2dnbGUiOmZhbHNlfQ==\">\n\t\t\t\t\t\t<span class=\"elementor-button-content-wrapper\">\n\t\t\t\t\t\t<span class=\"elementor-button-text\">Trabalhe conosco<\/span>\n\t\t<\/span>\n\t\t\t\t\t<\/a>\n\t\t<\/div>\n\t\t\t\t<\/div>\n\t\t\t\t<\/div>\n\t\t\t\t\t<\/div>\n\t\t\t\t<\/div>\n\t\t\t\t\t\t\t<\/div>","protected":false},"excerpt":{"rendered":"<p>Fale Conosco Entre em contato conosco ou deixe uma mensagem. Contato Telefones +55 (31) 2552-0674 | +55 31 9674-3581 E-mails administrativo@mpaautoma\u00e7\u00e3o.com comercial@mpaautoma\u00e7\u00e3o.com fiscal@mpaautoma\u00e7\u00e3o.com oficina@mpaautoma\u00e7\u00e3o.com suprimentos@mpaautoma\u00e7\u00e3o.com tecnica@mpaautoma\u00e7\u00e3o.com Hor\u00e1rios Segunda a quinta: 8:00 a 18:00 Sexta: 8:00 a 17:00 Onde estamos\u00a0 \u00a0 \u00a0 \u00a0Rua Aparecida Feitosa Furtado n\u00ba318, Diamante, Belo Horizonte\/MG Trabalhe Conosco Venha fazer parte da [&hellip;]<\/p>","protected":false},"author":21,"featured_media":0,"parent":0,"menu_order":0,"comment_status":"closed","ping_status":"closed","template":"elementor_header_footer","meta":{"footnotes":""},"yoast_head":"<!-- This site is optimized with the Yoast SEO plugin v21.7 - https:\/\/yoast.com\/wordpress\/plugins\/seo\/ -->\n<title>Contato - MPA Automa\u00e7\u00e3o<\/title>\n<meta name=\"robots\" content=\"noindex, follow, max-snippet:-1, max-image-preview:large, max-video-preview:-1\" \/>\n<meta property=\"og:locale\" content=\"es_ES\" \/>\n<meta property=\"og:type\" content=\"article\" \/>\n<meta property=\"og:title\" content=\"Contato - MPA Automa\u00e7\u00e3o\" \/>\n<meta property=\"og:description\" content=\"Fale Conosco Entre em contato conosco ou deixe uma mensagem. Contato Telefones +55 (31) 2552-0674 | +55 31 9674-3581 E-mails administrativo@mpaautoma\u00e7\u00e3o.com comercial@mpaautoma\u00e7\u00e3o.com fiscal@mpaautoma\u00e7\u00e3o.com oficina@mpaautoma\u00e7\u00e3o.com suprimentos@mpaautoma\u00e7\u00e3o.com tecnica@mpaautoma\u00e7\u00e3o.com Hor\u00e1rios Segunda a quinta: 8:00 a 18:00 Sexta: 8:00 a 17:00 Onde estamos\u00a0 \u00a0 \u00a0 \u00a0Rua Aparecida Feitosa Furtado n\u00ba318, Diamante, Belo Horizonte\/MG Trabalhe Conosco Venha fazer parte da [&hellip;]\" \/>\n<meta property=\"og:url\" content=\"https:\/\/mpa.siteup.dev\/es\/contato\/\" \/>\n<meta property=\"og:site_name\" content=\"MPA Automa\u00e7\u00e3o\" \/>\n<meta property=\"article:modified_time\" content=\"2023-12-20T19:01:51+00:00\" \/>\n<meta property=\"og:image\" content=\"https:\/\/mpa.siteup.dev\/wp-content\/uploads\/2023\/12\/Screenshot_12.jpg\" \/>\n\t<meta property=\"og:image:width\" content=\"1200\" \/>\n\t<meta property=\"og:image:height\" content=\"628\" \/>\n\t<meta property=\"og:image:type\" content=\"image\/jpeg\" \/>\n<meta name=\"twitter:card\" content=\"summary_large_image\" \/>\n<meta name=\"twitter:label1\" content=\"Tiempo de lectura\" \/>\n\t<meta name=\"twitter:data1\" content=\"1 minuto\" \/>\n<script type=\"application\/ld+json\" class=\"yoast-schema-graph\">{\"@context\":\"https:\/\/schema.org\",\"@graph\":[{\"@type\":\"WebPage\",\"@id\":\"https:\/\/mpa.siteup.dev\/en\/contato\/\",\"url\":\"https:\/\/mpa.siteup.dev\/en\/contato\/\",\"name\":\"Contato - MPA Automa\u00e7\u00e3o\",\"isPartOf\":{\"@id\":\"https:\/\/mpa.siteup.dev\/#website\"},\"datePublished\":\"2023-10-03T17:06:30+00:00\",\"dateModified\":\"2023-12-20T19:01:51+00:00\",\"inLanguage\":\"es\",\"potentialAction\":[{\"@type\":\"ReadAction\",\"target\":[\"https:\/\/mpa.siteup.dev\/en\/contato\/\"]}]},{\"@type\":\"WebSite\",\"@id\":\"https:\/\/mpa.siteup.dev\/#website\",\"url\":\"https:\/\/mpa.siteup.dev\/\",\"name\":\"MPA Automa\u00e7\u00e3o\",\"description\":\"\",\"potentialAction\":[{\"@type\":\"SearchAction\",\"target\":{\"@type\":\"EntryPoint\",\"urlTemplate\":\"https:\/\/mpa.siteup.dev\/?s={search_term_string}\"},\"query-input\":\"required name=search_term_string\"}],\"inLanguage\":\"es\"}]}<\/script>\n<!-- \/ Yoast SEO plugin. -->","yoast_head_json":{"title":"Contato - MPA Automa\u00e7\u00e3o","robots":{"index":"noindex","follow":"follow","max-snippet":"max-snippet:-1","max-image-preview":"max-image-preview:large","max-video-preview":"max-video-preview:-1"},"og_locale":"es_ES","og_type":"article","og_title":"Contato - MPA Automa\u00e7\u00e3o","og_description":"Fale Conosco Entre em contato conosco ou deixe uma mensagem. Contato Telefones +55 (31) 2552-0674 | +55 31 9674-3581 E-mails administrativo@mpaautoma\u00e7\u00e3o.com comercial@mpaautoma\u00e7\u00e3o.com fiscal@mpaautoma\u00e7\u00e3o.com oficina@mpaautoma\u00e7\u00e3o.com suprimentos@mpaautoma\u00e7\u00e3o.com tecnica@mpaautoma\u00e7\u00e3o.com Hor\u00e1rios Segunda a quinta: 8:00 a 18:00 Sexta: 8:00 a 17:00 Onde estamos\u00a0 \u00a0 \u00a0 \u00a0Rua Aparecida Feitosa Furtado n\u00ba318, Diamante, Belo Horizonte\/MG Trabalhe Conosco Venha fazer parte da [&hellip;]","og_url":"https:\/\/mpa.siteup.dev\/es\/contato\/","og_site_name":"MPA Automa\u00e7\u00e3o","article_modified_time":"2023-12-20T19:01:51+00:00","og_image":[{"width":1200,"height":628,"url":"https:\/\/mpa.siteup.dev\/wp-content\/uploads\/2023\/12\/Screenshot_12.jpg","type":"image\/jpeg"}],"twitter_card":"summary_large_image","twitter_misc":{"Tiempo de lectura":"1 minuto"},"schema":{"@context":"https:\/\/schema.org","@graph":[{"@type":"WebPage","@id":"https:\/\/mpa.siteup.dev\/en\/contato\/","url":"https:\/\/mpa.siteup.dev\/en\/contato\/","name":"Contato - MPA Automa\u00e7\u00e3o","isPartOf":{"@id":"https:\/\/mpa.siteup.dev\/#website"},"datePublished":"2023-10-03T17:06:30+00:00","dateModified":"2023-12-20T19:01:51+00:00","inLanguage":"es","potentialAction":[{"@type":"ReadAction","target":["https:\/\/mpa.siteup.dev\/en\/contato\/"]}]},{"@type":"WebSite","@id":"https:\/\/mpa.siteup.dev\/#website","url":"https:\/\/mpa.siteup.dev\/","name":"MPA Automa\u00e7\u00e3o","description":"","potentialAction":[{"@type":"SearchAction","target":{"@type":"EntryPoint","urlTemplate":"https:\/\/mpa.siteup.dev\/?s={search_term_string}"},"query-input":"required name=search_term_string"}],"inLanguage":"es"}]}},"_links":{"self":[{"href":"https:\/\/mpa.siteup.dev\/es\/wp-json\/wp\/v2\/pages\/526"}],"collection":[{"href":"https:\/\/mpa.siteup.dev\/es\/wp-json\/wp\/v2\/pages"}],"about":[{"href":"https:\/\/mpa.siteup.dev\/es\/wp-json\/wp\/v2\/types\/page"}],"author":[{"embeddable":true,"href":"https:\/\/mpa.siteup.dev\/es\/wp-json\/wp\/v2\/users\/21"}],"replies":[{"embeddable":true,"href":"https:\/\/mpa.siteup.dev\/es\/wp-json\/wp\/v2\/comments?post=526"}],"version-history":[{"count":49,"href":"https:\/\/mpa.siteup.dev\/es\/wp-json\/wp\/v2\/pages\/526\/revisions"}],"predecessor-version":[{"id":3470,"href":"https:\/\/mpa.siteup.dev\/es\/wp-json\/wp\/v2\/pages\/526\/revisions\/3470"}],"wp:attachment":[{"href":"https:\/\/mpa.siteup.dev\/es\/wp-json\/wp\/v2\/media?parent=526"}],"curies":[{"name":"wp","href":"https:\/\/api.w.org\/{rel}","templated":true}]}}