{"id":495,"date":"2023-10-03T13:13:06","date_gmt":"2023-10-03T16:13:06","guid":{"rendered":"https:\/\/mpa.siteup.dev\/?page_id=495"},"modified":"2023-12-15T17:11:33","modified_gmt":"2023-12-15T20:11:33","slug":"projetos","status":"publish","type":"page","link":"https:\/\/mpa.siteup.dev\/es\/projetos\/","title":{"rendered":"Projetos"},"content":{"rendered":"<div data-elementor-type=\"wp-page\" data-elementor-id=\"495\" class=\"elementor elementor-495\" data-elementor-post-type=\"page\">\n\t\t\t\t\t\t\t<div class=\"elementor-element elementor-element-24e992f e-flex e-con-boxed e-con e-parent\" data-id=\"24e992f\" data-element_type=\"container\" data-settings=\"{&quot;jet_parallax_layout_list&quot;:[],&quot;content_width&quot;:&quot;boxed&quot;}\" data-core-v316-plus=\"true\">\n\t\t\t\t\t<div class=\"e-con-inner\">\n\t\t\t\t<div class=\"elementor-element elementor-element-06304a3 elementor-widget elementor-widget-heading\" data-id=\"06304a3\" data-element_type=\"widget\" data-widget_type=\"heading.default\">\n\t\t\t\t<div class=\"elementor-widget-container\">\n\t\t\t<h1 class=\"elementor-heading-title elementor-size-default\">PROJETOS<\/h1>\t\t<\/div>\n\t\t\t\t<\/div>\n\t\t\t\t<div class=\"elementor-element elementor-element-e3b86d7 elementor-widget elementor-widget-text-editor\" data-id=\"e3b86d7\" data-element_type=\"widget\" data-widget_type=\"text-editor.default\">\n\t\t\t\t<div class=\"elementor-widget-container\">\n\t\t\t\t\t\t\t<p>Com mais de <strong>1000 solu\u00e7\u00f5es geradas,<\/strong> a MPA <br \/>possui <strong>vasta experi\u00eancia<\/strong> no mercado<\/p>\t\t\t\t\t\t<\/div>\n\t\t\t\t<\/div>\n\t\t\t\t<div class=\"elementor-element elementor-element-84a70a4 elementor-widget elementor-widget-text-editor\" data-id=\"84a70a4\" data-element_type=\"widget\" data-widget_type=\"text-editor.default\">\n\t\t\t\t<div class=\"elementor-widget-container\">\n\t\t\t\t\t\t\t<p>Confira alguns de nossos cases de sucesso<\/p>\t\t\t\t\t\t<\/div>\n\t\t\t\t<\/div>\n\t\t\t\t\t<\/div>\n\t\t\t\t<\/div>\n\t\t<div class=\"elementor-element elementor-element-a6835cf e-flex e-con-boxed e-con e-parent\" data-id=\"a6835cf\" data-element_type=\"container\" data-settings=\"{&quot;jet_parallax_layout_list&quot;:[],&quot;content_width&quot;:&quot;boxed&quot;}\" data-core-v316-plus=\"true\">\n\t\t\t\t\t<div class=\"e-con-inner\">\n\t\t<div class=\"elementor-element elementor-element-4175838 e-con-full e-flex e-con e-child\" data-id=\"4175838\" data-element_type=\"container\" data-settings=\"{&quot;content_width&quot;:&quot;full&quot;,&quot;jet_parallax_layout_list&quot;:[]}\">\n\t\t\t\t<div class=\"elementor-element elementor-element-02a21e7 elementor-widget elementor-widget-image\" data-id=\"02a21e7\" data-element_type=\"widget\" data-widget_type=\"image.default\">\n\t\t\t\t<div class=\"elementor-widget-container\">\n\t\t\t\t\t\t\t\t\t\t\t\t\t\t\t<img fetchpriority=\"high\" decoding=\"async\" width=\"300\" height=\"298\" src=\"https:\/\/mpa.siteup.dev\/wp-content\/uploads\/2023\/10\/Frame-132-300x298.png\" class=\"attachment-medium size-medium wp-image-501\" alt=\"Frame\" srcset=\"https:\/\/mpa.siteup.dev\/wp-content\/uploads\/2023\/10\/Frame-132-300x298.png 300w, https:\/\/mpa.siteup.dev\/wp-content\/uploads\/2023\/10\/Frame-132-150x150.png 150w, https:\/\/mpa.siteup.dev\/wp-content\/uploads\/2023\/10\/Frame-132.png 364w\" sizes=\"(max-width: 300px) 100vw, 300px\" \/>\t\t\t\t\t\t\t\t\t\t\t\t\t\t\t<\/div>\n\t\t\t\t<\/div>\n\t\t\t\t<div class=\"elementor-element elementor-element-9967e9b elementor-widget elementor-widget-heading\" data-id=\"9967e9b\" data-element_type=\"widget\" data-widget_type=\"heading.default\">\n\t\t\t\t<div class=\"elementor-widget-container\">\n\t\t\t<h2 class=\"elementor-heading-title elementor-size-default\">Nome projeto<\/h2>\t\t<\/div>\n\t\t\t\t<\/div>\n\t\t\t\t<div class=\"elementor-element elementor-element-6126172 elementor-align-center slice-btn elementor-widget elementor-widget-button\" data-id=\"6126172\" data-element_type=\"widget\" data-widget_type=\"button.default\">\n\t\t\t\t<div class=\"elementor-widget-container\">\n\t\t\t\t\t<div class=\"elementor-button-wrapper\">\n\t\t\t<a class=\"elementor-button elementor-button-link elementor-size-sm elementor-animation-grow\" href=\"#elementor-action:action=popup:open&settings=eyJpZCI6IjI2NDMiLCJ0b2dnbGUiOmZhbHNlfQ==\">\n\t\t\t\t\t\t<span class=\"elementor-button-content-wrapper\">\n\t\t\t\t\t\t<span class=\"elementor-button-text\">Mais Informa\u00e7\u00f5es<\/span>\n\t\t<\/span>\n\t\t\t\t\t<\/a>\n\t\t<\/div>\n\t\t\t\t<\/div>\n\t\t\t\t<\/div>\n\t\t\t\t<\/div>\n\t\t<div class=\"elementor-element elementor-element-d6a6f44 e-con-full e-flex e-con e-child\" data-id=\"d6a6f44\" data-element_type=\"container\" data-settings=\"{&quot;content_width&quot;:&quot;full&quot;,&quot;jet_parallax_layout_list&quot;:[]}\">\n\t\t\t\t<div class=\"elementor-element elementor-element-4e74722 elementor-widget elementor-widget-image\" data-id=\"4e74722\" data-element_type=\"widget\" data-widget_type=\"image.default\">\n\t\t\t\t<div class=\"elementor-widget-container\">\n\t\t\t\t\t\t\t\t\t\t\t\t\t\t\t<img decoding=\"async\" width=\"300\" height=\"298\" src=\"https:\/\/mpa.siteup.dev\/wp-content\/uploads\/2023\/10\/Frame-133-300x298.png\" class=\"attachment-medium size-medium wp-image-502\" alt=\"Frame\" srcset=\"https:\/\/mpa.siteup.dev\/wp-content\/uploads\/2023\/10\/Frame-133-300x298.png 300w, https:\/\/mpa.siteup.dev\/wp-content\/uploads\/2023\/10\/Frame-133-150x150.png 150w, https:\/\/mpa.siteup.dev\/wp-content\/uploads\/2023\/10\/Frame-133.png 364w\" sizes=\"(max-width: 300px) 100vw, 300px\" \/>\t\t\t\t\t\t\t\t\t\t\t\t\t\t\t<\/div>\n\t\t\t\t<\/div>\n\t\t\t\t<div class=\"elementor-element elementor-element-7e8f93d elementor-widget elementor-widget-heading\" data-id=\"7e8f93d\" data-element_type=\"widget\" data-widget_type=\"heading.default\">\n\t\t\t\t<div class=\"elementor-widget-container\">\n\t\t\t<h2 class=\"elementor-heading-title elementor-size-default\">Nome projeto<\/h2>\t\t<\/div>\n\t\t\t\t<\/div>\n\t\t\t\t<div class=\"elementor-element elementor-element-8070f2e elementor-align-center slice-btn elementor-widget elementor-widget-button\" data-id=\"8070f2e\" data-element_type=\"widget\" data-widget_type=\"button.default\">\n\t\t\t\t<div class=\"elementor-widget-container\">\n\t\t\t\t\t<div class=\"elementor-button-wrapper\">\n\t\t\t<a class=\"elementor-button elementor-button-link elementor-size-sm elementor-animation-grow\" href=\"#elementor-action:action=popup:open&settings=eyJpZCI6IjI2NDMiLCJ0b2dnbGUiOmZhbHNlfQ==\">\n\t\t\t\t\t\t<span class=\"elementor-button-content-wrapper\">\n\t\t\t\t\t\t<span class=\"elementor-button-text\">Mais Informa\u00e7\u00f5es<\/span>\n\t\t<\/span>\n\t\t\t\t\t<\/a>\n\t\t<\/div>\n\t\t\t\t<\/div>\n\t\t\t\t<\/div>\n\t\t\t\t<\/div>\n\t\t<div class=\"elementor-element elementor-element-10b22fe e-con-full e-flex e-con e-child\" data-id=\"10b22fe\" data-element_type=\"container\" data-settings=\"{&quot;content_width&quot;:&quot;full&quot;,&quot;jet_parallax_layout_list&quot;:[]}\">\n\t\t\t\t<div class=\"elementor-element elementor-element-1028e9a elementor-widget elementor-widget-image\" data-id=\"1028e9a\" data-element_type=\"widget\" data-widget_type=\"image.default\">\n\t\t\t\t<div class=\"elementor-widget-container\">\n\t\t\t\t\t\t\t\t\t\t\t\t\t\t\t<img decoding=\"async\" width=\"300\" height=\"298\" src=\"https:\/\/mpa.siteup.dev\/wp-content\/uploads\/2023\/10\/Frame-134-300x298.png\" class=\"attachment-medium size-medium wp-image-503\" alt=\"Frame\" srcset=\"https:\/\/mpa.siteup.dev\/wp-content\/uploads\/2023\/10\/Frame-134-300x298.png 300w, https:\/\/mpa.siteup.dev\/wp-content\/uploads\/2023\/10\/Frame-134-150x150.png 150w, https:\/\/mpa.siteup.dev\/wp-content\/uploads\/2023\/10\/Frame-134.png 364w\" sizes=\"(max-width: 300px) 100vw, 300px\" \/>\t\t\t\t\t\t\t\t\t\t\t\t\t\t\t<\/div>\n\t\t\t\t<\/div>\n\t\t\t\t<div class=\"elementor-element elementor-element-4c32e77 elementor-widget elementor-widget-heading\" data-id=\"4c32e77\" data-element_type=\"widget\" data-widget_type=\"heading.default\">\n\t\t\t\t<div class=\"elementor-widget-container\">\n\t\t\t<h2 class=\"elementor-heading-title elementor-size-default\">Nome projeto<\/h2>\t\t<\/div>\n\t\t\t\t<\/div>\n\t\t\t\t<div class=\"elementor-element elementor-element-5b8b62d elementor-align-center slice-btn elementor-widget elementor-widget-button\" data-id=\"5b8b62d\" data-element_type=\"widget\" data-widget_type=\"button.default\">\n\t\t\t\t<div class=\"elementor-widget-container\">\n\t\t\t\t\t<div class=\"elementor-button-wrapper\">\n\t\t\t<a class=\"elementor-button elementor-button-link elementor-size-sm elementor-animation-grow\" href=\"#elementor-action:action=popup:open&settings=eyJpZCI6IjI2NDMiLCJ0b2dnbGUiOmZhbHNlfQ==\">\n\t\t\t\t\t\t<span class=\"elementor-button-content-wrapper\">\n\t\t\t\t\t\t<span class=\"elementor-button-text\">Mais Informa\u00e7\u00f5es<\/span>\n\t\t<\/span>\n\t\t\t\t\t<\/a>\n\t\t<\/div>\n\t\t\t\t<\/div>\n\t\t\t\t<\/div>\n\t\t\t\t<\/div>\n\t\t\t\t\t<\/div>\n\t\t\t\t<\/div>\n\t\t<div class=\"elementor-element elementor-element-ddce7e7 e-flex e-con-boxed e-con e-parent\" data-id=\"ddce7e7\" data-element_type=\"container\" data-settings=\"{&quot;jet_parallax_layout_list&quot;:[],&quot;content_width&quot;:&quot;boxed&quot;}\" data-core-v316-plus=\"true\">\n\t\t\t\t\t<div class=\"e-con-inner\">\n\t\t<div class=\"elementor-element elementor-element-f12ea4d e-con-full e-flex e-con e-child\" data-id=\"f12ea4d\" data-element_type=\"container\" data-settings=\"{&quot;content_width&quot;:&quot;full&quot;,&quot;jet_parallax_layout_list&quot;:[]}\">\n\t\t\t\t<div class=\"elementor-element elementor-element-ac64a30 elementor-widget elementor-widget-image\" data-id=\"ac64a30\" data-element_type=\"widget\" data-widget_type=\"image.default\">\n\t\t\t\t<div class=\"elementor-widget-container\">\n\t\t\t\t\t\t\t\t\t\t\t\t\t\t\t<img loading=\"lazy\" decoding=\"async\" width=\"300\" height=\"298\" src=\"https:\/\/mpa.siteup.dev\/wp-content\/uploads\/2023\/10\/Frame-134-1-300x298.png\" class=\"attachment-medium size-medium wp-image-504\" alt=\"Frame ()\" srcset=\"https:\/\/mpa.siteup.dev\/wp-content\/uploads\/2023\/10\/Frame-134-1-300x298.png 300w, https:\/\/mpa.siteup.dev\/wp-content\/uploads\/2023\/10\/Frame-134-1-150x150.png 150w, https:\/\/mpa.siteup.dev\/wp-content\/uploads\/2023\/10\/Frame-134-1.png 364w\" sizes=\"(max-width: 300px) 100vw, 300px\" \/>\t\t\t\t\t\t\t\t\t\t\t\t\t\t\t<\/div>\n\t\t\t\t<\/div>\n\t\t\t\t<div class=\"elementor-element elementor-element-f5ebe55 elementor-widget elementor-widget-heading\" data-id=\"f5ebe55\" data-element_type=\"widget\" data-widget_type=\"heading.default\">\n\t\t\t\t<div class=\"elementor-widget-container\">\n\t\t\t<h2 class=\"elementor-heading-title elementor-size-default\">Nome projeto<\/h2>\t\t<\/div>\n\t\t\t\t<\/div>\n\t\t\t\t<div class=\"elementor-element elementor-element-24b7425 elementor-align-center slice-btn elementor-widget elementor-widget-button\" data-id=\"24b7425\" data-element_type=\"widget\" data-widget_type=\"button.default\">\n\t\t\t\t<div class=\"elementor-widget-container\">\n\t\t\t\t\t<div class=\"elementor-button-wrapper\">\n\t\t\t<a class=\"elementor-button elementor-button-link elementor-size-sm elementor-animation-grow\" href=\"#elementor-action:action=popup:open&settings=eyJpZCI6IjI2NDMiLCJ0b2dnbGUiOmZhbHNlfQ==\">\n\t\t\t\t\t\t<span class=\"elementor-button-content-wrapper\">\n\t\t\t\t\t\t<span class=\"elementor-button-text\">Mais Informa\u00e7\u00f5es<\/span>\n\t\t<\/span>\n\t\t\t\t\t<\/a>\n\t\t<\/div>\n\t\t\t\t<\/div>\n\t\t\t\t<\/div>\n\t\t\t\t<\/div>\n\t\t<div class=\"elementor-element elementor-element-c9f56b8 e-con-full e-flex e-con e-child\" data-id=\"c9f56b8\" data-element_type=\"container\" data-settings=\"{&quot;content_width&quot;:&quot;full&quot;,&quot;jet_parallax_layout_list&quot;:[]}\">\n\t\t\t\t<div class=\"elementor-element elementor-element-399dd81 elementor-widget elementor-widget-image\" data-id=\"399dd81\" data-element_type=\"widget\" data-widget_type=\"image.default\">\n\t\t\t\t<div class=\"elementor-widget-container\">\n\t\t\t\t\t\t\t\t\t\t\t\t\t\t\t<img loading=\"lazy\" decoding=\"async\" width=\"300\" height=\"298\" src=\"https:\/\/mpa.siteup.dev\/wp-content\/uploads\/2023\/10\/Frame-134-2-300x298.png\" class=\"attachment-medium size-medium wp-image-505\" alt=\"Frame ()\" srcset=\"https:\/\/mpa.siteup.dev\/wp-content\/uploads\/2023\/10\/Frame-134-2-300x298.png 300w, https:\/\/mpa.siteup.dev\/wp-content\/uploads\/2023\/10\/Frame-134-2-150x150.png 150w, https:\/\/mpa.siteup.dev\/wp-content\/uploads\/2023\/10\/Frame-134-2.png 364w\" sizes=\"(max-width: 300px) 100vw, 300px\" \/>\t\t\t\t\t\t\t\t\t\t\t\t\t\t\t<\/div>\n\t\t\t\t<\/div>\n\t\t\t\t<div class=\"elementor-element elementor-element-5d447b5 elementor-widget elementor-widget-heading\" data-id=\"5d447b5\" data-element_type=\"widget\" data-widget_type=\"heading.default\">\n\t\t\t\t<div class=\"elementor-widget-container\">\n\t\t\t<h2 class=\"elementor-heading-title elementor-size-default\">Nome projeto<\/h2>\t\t<\/div>\n\t\t\t\t<\/div>\n\t\t\t\t<div class=\"elementor-element elementor-element-3376e5d elementor-align-center slice-btn elementor-widget elementor-widget-button\" data-id=\"3376e5d\" data-element_type=\"widget\" data-widget_type=\"button.default\">\n\t\t\t\t<div class=\"elementor-widget-container\">\n\t\t\t\t\t<div class=\"elementor-button-wrapper\">\n\t\t\t<a class=\"elementor-button elementor-button-link elementor-size-sm elementor-animation-grow\" href=\"#elementor-action:action=popup:open&settings=eyJpZCI6IjI2NDMiLCJ0b2dnbGUiOmZhbHNlfQ==\">\n\t\t\t\t\t\t<span class=\"elementor-button-content-wrapper\">\n\t\t\t\t\t\t<span class=\"elementor-button-text\">Mais Informa\u00e7\u00f5es<\/span>\n\t\t<\/span>\n\t\t\t\t\t<\/a>\n\t\t<\/div>\n\t\t\t\t<\/div>\n\t\t\t\t<\/div>\n\t\t\t\t<\/div>\n\t\t<div class=\"elementor-element elementor-element-df753b3 e-con-full e-flex e-con e-child\" data-id=\"df753b3\" data-element_type=\"container\" data-settings=\"{&quot;content_width&quot;:&quot;full&quot;,&quot;jet_parallax_layout_list&quot;:[]}\">\n\t\t\t\t<div class=\"elementor-element elementor-element-9d788ab elementor-widget elementor-widget-image\" data-id=\"9d788ab\" data-element_type=\"widget\" data-widget_type=\"image.default\">\n\t\t\t\t<div class=\"elementor-widget-container\">\n\t\t\t\t\t\t\t\t\t\t\t\t\t\t\t<img loading=\"lazy\" decoding=\"async\" width=\"300\" height=\"298\" src=\"https:\/\/mpa.siteup.dev\/wp-content\/uploads\/2023\/10\/Frame-134-3-300x298.png\" class=\"attachment-medium size-medium wp-image-507\" alt=\"Frame ()\" srcset=\"https:\/\/mpa.siteup.dev\/wp-content\/uploads\/2023\/10\/Frame-134-3-300x298.png 300w, https:\/\/mpa.siteup.dev\/wp-content\/uploads\/2023\/10\/Frame-134-3-150x150.png 150w, https:\/\/mpa.siteup.dev\/wp-content\/uploads\/2023\/10\/Frame-134-3.png 364w\" sizes=\"(max-width: 300px) 100vw, 300px\" \/>\t\t\t\t\t\t\t\t\t\t\t\t\t\t\t<\/div>\n\t\t\t\t<\/div>\n\t\t\t\t<div class=\"elementor-element elementor-element-e1d4594 elementor-widget elementor-widget-heading\" data-id=\"e1d4594\" data-element_type=\"widget\" data-widget_type=\"heading.default\">\n\t\t\t\t<div class=\"elementor-widget-container\">\n\t\t\t<h2 class=\"elementor-heading-title elementor-size-default\">Nome projeto<\/h2>\t\t<\/div>\n\t\t\t\t<\/div>\n\t\t\t\t<div class=\"elementor-element elementor-element-47b4775 elementor-align-center slice-btn elementor-widget elementor-widget-button\" data-id=\"47b4775\" data-element_type=\"widget\" data-widget_type=\"button.default\">\n\t\t\t\t<div class=\"elementor-widget-container\">\n\t\t\t\t\t<div class=\"elementor-button-wrapper\">\n\t\t\t<a class=\"elementor-button elementor-button-link elementor-size-sm elementor-animation-grow\" href=\"#elementor-action:action=popup:open&settings=eyJpZCI6IjI2NDMiLCJ0b2dnbGUiOmZhbHNlfQ==\">\n\t\t\t\t\t\t<span class=\"elementor-button-content-wrapper\">\n\t\t\t\t\t\t<span class=\"elementor-button-text\">Mais Informa\u00e7\u00f5es<\/span>\n\t\t<\/span>\n\t\t\t\t\t<\/a>\n\t\t<\/div>\n\t\t\t\t<\/div>\n\t\t\t\t<\/div>\n\t\t\t\t<\/div>\n\t\t\t\t\t<\/div>\n\t\t\t\t<\/div>\n\t\t<div class=\"elementor-element elementor-element-57b038a e-flex e-con-boxed e-con e-parent\" data-id=\"57b038a\" data-element_type=\"container\" data-settings=\"{&quot;background_background&quot;:&quot;classic&quot;,&quot;jet_parallax_layout_list&quot;:[],&quot;content_width&quot;:&quot;boxed&quot;}\" data-core-v316-plus=\"true\">\n\t\t\t\t\t<div class=\"e-con-inner\">\n\t\t\t\t<div class=\"elementor-element elementor-element-5bd810d elementor-widget elementor-widget-heading\" data-id=\"5bd810d\" data-element_type=\"widget\" data-widget_type=\"heading.default\">\n\t\t\t\t<div class=\"elementor-widget-container\">\n\t\t\t<h2 class=\"elementor-heading-title elementor-size-default\">CONTATO<\/h2>\t\t<\/div>\n\t\t\t\t<\/div>\n\t\t\t\t<div class=\"elementor-element elementor-element-70f44ef elementor-widget elementor-widget-text-editor\" data-id=\"70f44ef\" data-element_type=\"widget\" data-widget_type=\"text-editor.default\">\n\t\t\t\t<div class=\"elementor-widget-container\">\n\t\t\t\t\t\t\t<p>Transformando desafios em solu\u00e7\u00f5es<\/p>\t\t\t\t\t\t<\/div>\n\t\t\t\t<\/div>\n\t\t\t\t<div class=\"elementor-element elementor-element-e1a14b9 elementor-widget elementor-widget-text-editor\" data-id=\"e1a14b9\" data-element_type=\"widget\" data-widget_type=\"text-editor.default\">\n\t\t\t\t<div class=\"elementor-widget-container\">\n\t\t\t\t\t\t\t<p>Como podemos te ajudar hoje?<br \/>Entre em contato agora e fale com um especialista.<\/p>\t\t\t\t\t\t<\/div>\n\t\t\t\t<\/div>\n\t\t\t\t<div class=\"elementor-element elementor-element-463fbba elementor-align-center slice-btn elementor-widget elementor-widget-button\" data-id=\"463fbba\" data-element_type=\"widget\" data-widget_type=\"button.default\">\n\t\t\t\t<div class=\"elementor-widget-container\">\n\t\t\t\t\t<div class=\"elementor-button-wrapper\">\n\t\t\t<a class=\"elementor-button elementor-button-link elementor-size-sm elementor-animation-grow\" href=\"https:\/\/mpa.siteup.dev\/es\/contato\/\">\n\t\t\t\t\t\t<span class=\"elementor-button-content-wrapper\">\n\t\t\t\t\t\t<span class=\"elementor-button-text\">Falar com um especialista<\/span>\n\t\t<\/span>\n\t\t\t\t\t<\/a>\n\t\t<\/div>\n\t\t\t\t<\/div>\n\t\t\t\t<\/div>\n\t\t\t\t\t<\/div>\n\t\t\t\t<\/div>\n\t\t\t\t\t\t\t<\/div>","protected":false},"excerpt":{"rendered":"<p>PROJETOS Com mais de 1000 solu\u00e7\u00f5es geradas, a MPA possui vasta experi\u00eancia no mercado Confira alguns de nossos cases de sucesso Nome projeto Mais Informa\u00e7\u00f5es Nome projeto Mais Informa\u00e7\u00f5es Nome projeto Mais Informa\u00e7\u00f5es Nome projeto Mais Informa\u00e7\u00f5es Nome projeto Mais Informa\u00e7\u00f5es Nome projeto Mais Informa\u00e7\u00f5es CONTATO Transformando desafios em solu\u00e7\u00f5es Como podemos te ajudar hoje?Entre [&hellip;]<\/p>","protected":false},"author":21,"featured_media":0,"parent":0,"menu_order":0,"comment_status":"closed","ping_status":"closed","template":"elementor_header_footer","meta":{"footnotes":""},"yoast_head":"<!-- This site is optimized with the Yoast SEO plugin v21.7 - https:\/\/yoast.com\/wordpress\/plugins\/seo\/ -->\n<title>Projetos | MPA<\/title>\n<meta name=\"description\" content=\"Conhe\u00e7a os nossos projetos de automa\u00e7\u00e3o industrial sob medida para impulsionar a efici\u00eancia e a inova\u00e7\u00e3o em sua empresa.\" \/>\n<meta name=\"robots\" content=\"noindex, follow, max-snippet:-1, max-image-preview:large, max-video-preview:-1\" \/>\n<meta property=\"og:locale\" content=\"es_ES\" \/>\n<meta property=\"og:type\" content=\"article\" \/>\n<meta property=\"og:title\" content=\"Projetos | MPA\" \/>\n<meta property=\"og:description\" content=\"Conhe\u00e7a os nossos projetos de automa\u00e7\u00e3o industrial sob medida para impulsionar a efici\u00eancia e a inova\u00e7\u00e3o em sua empresa.\" \/>\n<meta property=\"og:url\" content=\"https:\/\/mpa.siteup.dev\/es\/projetos\/\" \/>\n<meta property=\"og:site_name\" content=\"MPA Automa\u00e7\u00e3o\" \/>\n<meta property=\"article:modified_time\" content=\"2023-12-15T20:11:33+00:00\" \/>\n<meta property=\"og:image\" content=\"https:\/\/mpa.siteup.dev\/wp-content\/uploads\/2023\/10\/Frame-132-300x298.png\" \/>\n<meta name=\"twitter:card\" content=\"summary_large_image\" \/>\n<meta name=\"twitter:label1\" content=\"Tiempo de lectura\" \/>\n\t<meta name=\"twitter:data1\" content=\"2 minutos\" \/>\n<script type=\"application\/ld+json\" class=\"yoast-schema-graph\">{\"@context\":\"https:\/\/schema.org\",\"@graph\":[{\"@type\":\"WebPage\",\"@id\":\"https:\/\/mpa.siteup.dev\/projetos\/\",\"url\":\"https:\/\/mpa.siteup.dev\/projetos\/\",\"name\":\"Projetos | MPA\",\"isPartOf\":{\"@id\":\"https:\/\/mpa.siteup.dev\/#website\"},\"datePublished\":\"2023-10-03T16:13:06+00:00\",\"dateModified\":\"2023-12-15T20:11:33+00:00\",\"description\":\"Conhe\u00e7a os nossos projetos de automa\u00e7\u00e3o industrial sob medida para impulsionar a efici\u00eancia e a inova\u00e7\u00e3o em sua empresa.\",\"inLanguage\":\"es\",\"potentialAction\":[{\"@type\":\"ReadAction\",\"target\":[\"https:\/\/mpa.siteup.dev\/projetos\/\"]}]},{\"@type\":\"WebSite\",\"@id\":\"https:\/\/mpa.siteup.dev\/#website\",\"url\":\"https:\/\/mpa.siteup.dev\/\",\"name\":\"MPA Automa\u00e7\u00e3o\",\"description\":\"\",\"potentialAction\":[{\"@type\":\"SearchAction\",\"target\":{\"@type\":\"EntryPoint\",\"urlTemplate\":\"https:\/\/mpa.siteup.dev\/?s={search_term_string}\"},\"query-input\":\"required name=search_term_string\"}],\"inLanguage\":\"es\"}]}<\/script>\n<!-- \/ Yoast SEO plugin. -->","yoast_head_json":{"title":"Projetos | MPA","description":"Conhe\u00e7a os nossos projetos de automa\u00e7\u00e3o industrial sob medida para impulsionar a efici\u00eancia e a inova\u00e7\u00e3o em sua empresa.","robots":{"index":"noindex","follow":"follow","max-snippet":"max-snippet:-1","max-image-preview":"max-image-preview:large","max-video-preview":"max-video-preview:-1"},"og_locale":"es_ES","og_type":"article","og_title":"Projetos | MPA","og_description":"Conhe\u00e7a os nossos projetos de automa\u00e7\u00e3o industrial sob medida para impulsionar a efici\u00eancia e a inova\u00e7\u00e3o em sua empresa.","og_url":"https:\/\/mpa.siteup.dev\/es\/projetos\/","og_site_name":"MPA Automa\u00e7\u00e3o","article_modified_time":"2023-12-15T20:11:33+00:00","og_image":[{"url":"https:\/\/mpa.siteup.dev\/wp-content\/uploads\/2023\/10\/Frame-132-300x298.png"}],"twitter_card":"summary_large_image","twitter_misc":{"Tiempo de lectura":"2 minutos"},"schema":{"@context":"https:\/\/schema.org","@graph":[{"@type":"WebPage","@id":"https:\/\/mpa.siteup.dev\/projetos\/","url":"https:\/\/mpa.siteup.dev\/projetos\/","name":"Projetos | MPA","isPartOf":{"@id":"https:\/\/mpa.siteup.dev\/#website"},"datePublished":"2023-10-03T16:13:06+00:00","dateModified":"2023-12-15T20:11:33+00:00","description":"Conhe\u00e7a os nossos projetos de automa\u00e7\u00e3o industrial sob medida para impulsionar a efici\u00eancia e a inova\u00e7\u00e3o em sua empresa.","inLanguage":"es","potentialAction":[{"@type":"ReadAction","target":["https:\/\/mpa.siteup.dev\/projetos\/"]}]},{"@type":"WebSite","@id":"https:\/\/mpa.siteup.dev\/#website","url":"https:\/\/mpa.siteup.dev\/","name":"MPA Automa\u00e7\u00e3o","description":"","potentialAction":[{"@type":"SearchAction","target":{"@type":"EntryPoint","urlTemplate":"https:\/\/mpa.siteup.dev\/?s={search_term_string}"},"query-input":"required name=search_term_string"}],"inLanguage":"es"}]}},"_links":{"self":[{"href":"https:\/\/mpa.siteup.dev\/es\/wp-json\/wp\/v2\/pages\/495"}],"collection":[{"href":"https:\/\/mpa.siteup.dev\/es\/wp-json\/wp\/v2\/pages"}],"about":[{"href":"https:\/\/mpa.siteup.dev\/es\/wp-json\/wp\/v2\/types\/page"}],"author":[{"embeddable":true,"href":"https:\/\/mpa.siteup.dev\/es\/wp-json\/wp\/v2\/users\/21"}],"replies":[{"embeddable":true,"href":"https:\/\/mpa.siteup.dev\/es\/wp-json\/wp\/v2\/comments?post=495"}],"version-history":[{"count":38,"href":"https:\/\/mpa.siteup.dev\/es\/wp-json\/wp\/v2\/pages\/495\/revisions"}],"predecessor-version":[{"id":2930,"href":"https:\/\/mpa.siteup.dev\/es\/wp-json\/wp\/v2\/pages\/495\/revisions\/2930"}],"wp:attachment":[{"href":"https:\/\/mpa.siteup.dev\/es\/wp-json\/wp\/v2\/media?parent=495"}],"curies":[{"name":"wp","href":"https:\/\/api.w.org\/{rel}","templated":true}]}}