{"id":447,"date":"2023-10-03T10:10:51","date_gmt":"2023-10-03T13:10:51","guid":{"rendered":"https:\/\/mpa.siteup.dev\/?page_id=447"},"modified":"2023-12-15T17:10:56","modified_gmt":"2023-12-15T20:10:56","slug":"servicos","status":"publish","type":"page","link":"https:\/\/mpa.siteup.dev\/es\/servicos\/","title":{"rendered":"Servi\u00e7os"},"content":{"rendered":"<div data-elementor-type=\"wp-page\" data-elementor-id=\"447\" class=\"elementor elementor-447\" data-elementor-post-type=\"page\">\n\t\t\t\t\t\t\t<div class=\"elementor-element elementor-element-1fd1f69 e-flex e-con-boxed e-con e-parent\" data-id=\"1fd1f69\" data-element_type=\"container\" data-settings=\"{&quot;background_background&quot;:&quot;classic&quot;,&quot;jet_parallax_layout_list&quot;:[],&quot;content_width&quot;:&quot;boxed&quot;}\" data-core-v316-plus=\"true\">\n\t\t\t\t\t<div class=\"e-con-inner\">\n\t\t\t\t<div class=\"elementor-element elementor-element-27bd39e elementor-widget elementor-widget-heading\" data-id=\"27bd39e\" data-element_type=\"widget\" data-widget_type=\"heading.default\">\n\t\t\t\t<div class=\"elementor-widget-container\">\n\t\t\t<h1 class=\"elementor-heading-title elementor-size-default\">SOLU\u00c7\u00d5ES INDUSTRIAIS<\/h1>\t\t<\/div>\n\t\t\t\t<\/div>\n\t\t\t\t<div class=\"elementor-element elementor-element-b9a5985 elementor-widget elementor-widget-text-editor\" data-id=\"b9a5985\" data-element_type=\"widget\" data-widget_type=\"text-editor.default\">\n\t\t\t\t<div class=\"elementor-widget-container\">\n\t\t\t\t\t\t\t<p><strong>Solu\u00e7\u00f5es sob medida<\/strong> para suas necessidades. <br \/>Conhe\u00e7a nossos <strong>servi\u00e7os especializados<\/strong><\/p>\t\t\t\t\t\t<\/div>\n\t\t\t\t<\/div>\n\t\t\t\t<div class=\"elementor-element elementor-element-6a0bd77 elementor-widget elementor-widget-text-editor\" data-id=\"6a0bd77\" data-element_type=\"widget\" data-widget_type=\"text-editor.default\">\n\t\t\t\t<div class=\"elementor-widget-container\">\n\t\t\t\t\t\t\tDesafios transformados em solu\u00e7\u00f5es. Expertise em Automa\u00e7\u00e3o, Engenharia El\u00e9trica, Rob\u00f3tica e mais. <br>Explore nossos servi\u00e7os personalizados para impulsionar a excel\u00eancia industrial.\t\t\t\t\t\t<\/div>\n\t\t\t\t<\/div>\n\t\t\t\t\t<\/div>\n\t\t\t\t<\/div>\n\t\t<div class=\"elementor-element elementor-element-28765ed e-flex e-con-boxed e-con e-parent\" data-id=\"28765ed\" data-element_type=\"container\" data-settings=\"{&quot;background_background&quot;:&quot;classic&quot;,&quot;jet_parallax_layout_list&quot;:[],&quot;content_width&quot;:&quot;boxed&quot;}\" data-core-v316-plus=\"true\">\n\t\t\t\t\t<div class=\"e-con-inner\">\n\t\t<a class=\"elementor-element elementor-element-ed66849 e-con-full e-flex e-con e-child\" data-id=\"ed66849\" data-element_type=\"container\" data-settings=\"{&quot;content_width&quot;:&quot;full&quot;,&quot;jet_parallax_layout_list&quot;:[]}\" href=\"https:\/\/mpa.siteup.dev\/es\/engenharia-eletrica\/\">\n\t\t\t\t<div class=\"elementor-element elementor-element-a26b16c elementor-widget elementor-widget-image\" data-id=\"a26b16c\" data-element_type=\"widget\" data-widget_type=\"image.default\">\n\t\t\t\t<div class=\"elementor-widget-container\">\n\t\t\t\t\t\t\t\t\t\t\t\t\t\t\t<img decoding=\"async\" width=\"136\" height=\"136\" src=\"https:\/\/mpa.siteup.dev\/wp-content\/uploads\/2023\/09\/Frame-100.png\" class=\"attachment-large size-large wp-image-272\" alt=\"Frame\" \/>\t\t\t\t\t\t\t\t\t\t\t\t\t\t\t<\/div>\n\t\t\t\t<\/div>\n\t\t\t\t<div class=\"elementor-element elementor-element-5f0c2e2 elementor-widget elementor-widget-text-editor\" data-id=\"5f0c2e2\" data-element_type=\"widget\" data-widget_type=\"text-editor.default\">\n\t\t\t\t<div class=\"elementor-widget-container\">\n\t\t\t\t\t\t\t<p><span style=\"color: #1a1717;\">Engenharia El\u00e9trica<\/span><\/p>\t\t\t\t\t\t<\/div>\n\t\t\t\t<\/div>\n\t\t\t\t<\/a>\n\t\t<a class=\"elementor-element elementor-element-9c8764c e-con-full e-flex e-con e-child\" data-id=\"9c8764c\" data-element_type=\"container\" data-settings=\"{&quot;content_width&quot;:&quot;full&quot;,&quot;background_background&quot;:&quot;classic&quot;,&quot;jet_parallax_layout_list&quot;:[]}\" href=\"https:\/\/mpa.siteup.dev\/es\/softwares-de-gerenciamento-e-monitoramento\/\">\n\t\t\t\t<div class=\"elementor-element elementor-element-8bb5fe9 elementor-widget elementor-widget-image\" data-id=\"8bb5fe9\" data-element_type=\"widget\" data-widget_type=\"image.default\">\n\t\t\t\t<div class=\"elementor-widget-container\">\n\t\t\t\t\t\t\t\t\t\t\t\t\t\t\t<img decoding=\"async\" width=\"136\" height=\"136\" src=\"https:\/\/mpa.siteup.dev\/wp-content\/uploads\/2023\/09\/Frame-100-1.png\" class=\"attachment-large size-large wp-image-274\" alt=\"Frame ()\" \/>\t\t\t\t\t\t\t\t\t\t\t\t\t\t\t<\/div>\n\t\t\t\t<\/div>\n\t\t\t\t<div class=\"elementor-element elementor-element-851aa32 elementor-widget elementor-widget-text-editor\" data-id=\"851aa32\" data-element_type=\"widget\" data-widget_type=\"text-editor.default\">\n\t\t\t\t<div class=\"elementor-widget-container\">\n\t\t\t\t\t\t\t<p><span style=\"color: #1a1717;\">Software de <\/span><br \/><span style=\"color: #1a1717;\">gerenciamento e<\/span><br \/><span style=\"color: #1a1717;\">monitoramento<\/span><\/p>\t\t\t\t\t\t<\/div>\n\t\t\t\t<\/div>\n\t\t\t\t<\/a>\n\t\t<a class=\"elementor-element elementor-element-abe8d94 e-con-full e-flex e-con e-child\" data-id=\"abe8d94\" data-element_type=\"container\" data-settings=\"{&quot;content_width&quot;:&quot;full&quot;,&quot;jet_parallax_layout_list&quot;:[]}\" href=\"https:\/\/mpa.siteup.dev\/es\/automacao-e-controle\/\">\n\t\t\t\t<div class=\"elementor-element elementor-element-24aa881 elementor-widget elementor-widget-image\" data-id=\"24aa881\" data-element_type=\"widget\" data-widget_type=\"image.default\">\n\t\t\t\t<div class=\"elementor-widget-container\">\n\t\t\t\t\t\t\t\t\t\t\t\t\t\t\t<img decoding=\"async\" width=\"136\" height=\"136\" src=\"https:\/\/mpa.siteup.dev\/wp-content\/uploads\/2023\/09\/Frame-100-2.png\" class=\"attachment-large size-large wp-image-275\" alt=\"Frame ()\" \/>\t\t\t\t\t\t\t\t\t\t\t\t\t\t\t<\/div>\n\t\t\t\t<\/div>\n\t\t\t\t<div class=\"elementor-element elementor-element-e6119cd elementor-widget elementor-widget-text-editor\" data-id=\"e6119cd\" data-element_type=\"widget\" data-widget_type=\"text-editor.default\">\n\t\t\t\t<div class=\"elementor-widget-container\">\n\t\t\t\t\t\t\t<p><span style=\"color: #1a1717;\">Automa\u00e7\u00e3o e <br \/>Controle<\/span><\/p>\t\t\t\t\t\t<\/div>\n\t\t\t\t<\/div>\n\t\t\t\t<\/a>\n\t\t<a class=\"elementor-element elementor-element-1d0501b e-con-full e-flex e-con e-child\" data-id=\"1d0501b\" data-element_type=\"container\" data-settings=\"{&quot;content_width&quot;:&quot;full&quot;,&quot;jet_parallax_layout_list&quot;:[]}\" href=\"https:\/\/mpa.siteup.dev\/es\/robotica\/\">\n\t\t\t\t<div class=\"elementor-element elementor-element-913986d elementor-widget elementor-widget-image\" data-id=\"913986d\" data-element_type=\"widget\" data-widget_type=\"image.default\">\n\t\t\t\t<div class=\"elementor-widget-container\">\n\t\t\t\t\t\t\t\t\t\t\t\t\t\t\t<img loading=\"lazy\" decoding=\"async\" width=\"136\" height=\"136\" src=\"https:\/\/mpa.siteup.dev\/wp-content\/uploads\/2023\/09\/Frame-100-3.png\" class=\"attachment-large size-large wp-image-276\" alt=\"Frame ()\" \/>\t\t\t\t\t\t\t\t\t\t\t\t\t\t\t<\/div>\n\t\t\t\t<\/div>\n\t\t\t\t<div class=\"elementor-element elementor-element-7c12f7e elementor-widget elementor-widget-text-editor\" data-id=\"7c12f7e\" data-element_type=\"widget\" data-widget_type=\"text-editor.default\">\n\t\t\t\t<div class=\"elementor-widget-container\">\n\t\t\t\t\t\t\t<p><span style=\"color: #1a1717;\">Rob\u00f3tica<\/span><\/p>\t\t\t\t\t\t<\/div>\n\t\t\t\t<\/div>\n\t\t\t\t<\/a>\n\t\t\t\t\t<\/div>\n\t\t\t\t<\/div>\n\t\t<div class=\"elementor-element elementor-element-fd21dba e-flex e-con-boxed e-con e-parent\" data-id=\"fd21dba\" data-element_type=\"container\" data-settings=\"{&quot;background_background&quot;:&quot;classic&quot;,&quot;jet_parallax_layout_list&quot;:[],&quot;content_width&quot;:&quot;boxed&quot;}\" data-core-v316-plus=\"true\">\n\t\t\t\t\t<div class=\"e-con-inner\">\n\t\t<a class=\"elementor-element elementor-element-7c61d74 e-con-full e-flex e-con e-child\" data-id=\"7c61d74\" data-element_type=\"container\" data-settings=\"{&quot;content_width&quot;:&quot;full&quot;,&quot;jet_parallax_layout_list&quot;:[]}\" href=\"https:\/\/mpa.siteup.dev\/es\/paineis-eletricos-pneumaticos-eletrocentros\/\">\n\t\t\t\t<div class=\"elementor-element elementor-element-c31b6c8 elementor-widget elementor-widget-image\" data-id=\"c31b6c8\" data-element_type=\"widget\" data-widget_type=\"image.default\">\n\t\t\t\t<div class=\"elementor-widget-container\">\n\t\t\t\t\t\t\t\t\t\t\t\t\t\t\t<img loading=\"lazy\" decoding=\"async\" width=\"136\" height=\"136\" src=\"https:\/\/mpa.siteup.dev\/wp-content\/uploads\/2023\/09\/Frame-100-4.png\" class=\"attachment-large size-large wp-image-277\" alt=\"Frame ()\" \/>\t\t\t\t\t\t\t\t\t\t\t\t\t\t\t<\/div>\n\t\t\t\t<\/div>\n\t\t\t\t<div class=\"elementor-element elementor-element-de0690c elementor-widget elementor-widget-text-editor\" data-id=\"de0690c\" data-element_type=\"widget\" data-widget_type=\"text-editor.default\">\n\t\t\t\t<div class=\"elementor-widget-container\">\n\t\t\t\t\t\t\t<p><span style=\"color: #1a1717;\">Pain\u00e9is<\/span><\/p>\t\t\t\t\t\t<\/div>\n\t\t\t\t<\/div>\n\t\t\t\t<\/a>\n\t\t<a class=\"elementor-element elementor-element-a2cc0b7 e-con-full e-flex e-con e-child\" data-id=\"a2cc0b7\" data-element_type=\"container\" data-settings=\"{&quot;content_width&quot;:&quot;full&quot;,&quot;jet_parallax_layout_list&quot;:[]}\" href=\"https:\/\/mpa.siteup.dev\/es\/rastreabilidade-e-qualificacao\/\">\n\t\t\t\t<div class=\"elementor-element elementor-element-a5ec95b elementor-widget elementor-widget-image\" data-id=\"a5ec95b\" data-element_type=\"widget\" data-widget_type=\"image.default\">\n\t\t\t\t<div class=\"elementor-widget-container\">\n\t\t\t\t\t\t\t\t\t\t\t\t\t\t\t<img loading=\"lazy\" decoding=\"async\" width=\"136\" height=\"136\" src=\"https:\/\/mpa.siteup.dev\/wp-content\/uploads\/2023\/09\/Frame-100-5.png\" class=\"attachment-large size-large wp-image-278\" alt=\"Frame ()\" \/>\t\t\t\t\t\t\t\t\t\t\t\t\t\t\t<\/div>\n\t\t\t\t<\/div>\n\t\t\t\t<div class=\"elementor-element elementor-element-9c195b3 elementor-widget elementor-widget-text-editor\" data-id=\"9c195b3\" data-element_type=\"widget\" data-widget_type=\"text-editor.default\">\n\t\t\t\t<div class=\"elementor-widget-container\">\n\t\t\t\t\t\t\t<p><span style=\"color: #1a1717;\">Rastreabilidade e <\/span><br \/><span style=\"color: #1a1717;\">Qualifica\u00e7\u00e3o<\/span><\/p>\t\t\t\t\t\t<\/div>\n\t\t\t\t<\/div>\n\t\t\t\t<\/a>\n\t\t<a class=\"elementor-element elementor-element-9c47d94 e-con-full e-flex e-con e-child\" data-id=\"9c47d94\" data-element_type=\"container\" data-settings=\"{&quot;content_width&quot;:&quot;full&quot;,&quot;jet_parallax_layout_list&quot;:[]}\" href=\"https:\/\/mpa.siteup.dev\/es\/treinamentos-e-consultorias\/\">\n\t\t\t\t<div class=\"elementor-element elementor-element-aeaf295 elementor-widget elementor-widget-image\" data-id=\"aeaf295\" data-element_type=\"widget\" data-widget_type=\"image.default\">\n\t\t\t\t<div class=\"elementor-widget-container\">\n\t\t\t\t\t\t\t\t\t\t\t\t\t\t\t<img loading=\"lazy\" decoding=\"async\" width=\"136\" height=\"136\" src=\"https:\/\/mpa.siteup.dev\/wp-content\/uploads\/2023\/09\/Frame-100-6.png\" class=\"attachment-large size-large wp-image-279\" alt=\"Frame ()\" \/>\t\t\t\t\t\t\t\t\t\t\t\t\t\t\t<\/div>\n\t\t\t\t<\/div>\n\t\t\t\t<div class=\"elementor-element elementor-element-35977e0 elementor-widget elementor-widget-text-editor\" data-id=\"35977e0\" data-element_type=\"widget\" data-widget_type=\"text-editor.default\">\n\t\t\t\t<div class=\"elementor-widget-container\">\n\t\t\t\t\t\t\t<p><span style=\"color: #1a1717;\">Treinamento e <\/span><br \/><span style=\"color: #1a1717;\">Consultorias<\/span><\/p>\t\t\t\t\t\t<\/div>\n\t\t\t\t<\/div>\n\t\t\t\t<\/a>\n\t\t<a class=\"elementor-element elementor-element-63f4f9f e-con-full e-flex e-con e-child\" data-id=\"63f4f9f\" data-element_type=\"container\" data-settings=\"{&quot;content_width&quot;:&quot;full&quot;,&quot;jet_parallax_layout_list&quot;:[]}\" href=\"https:\/\/mpa.siteup.dev\/es\/laudos\/\">\n\t\t\t\t<div class=\"elementor-element elementor-element-51ce720 elementor-widget elementor-widget-image\" data-id=\"51ce720\" data-element_type=\"widget\" data-widget_type=\"image.default\">\n\t\t\t\t<div class=\"elementor-widget-container\">\n\t\t\t\t\t\t\t\t\t\t\t\t\t\t\t<img decoding=\"async\" width=\"136\" height=\"136\" src=\"https:\/\/mpa.siteup.dev\/wp-content\/uploads\/2023\/09\/Frame-100-1.png\" class=\"attachment-large size-large wp-image-274\" alt=\"Frame ()\" \/>\t\t\t\t\t\t\t\t\t\t\t\t\t\t\t<\/div>\n\t\t\t\t<\/div>\n\t\t\t\t<div class=\"elementor-element elementor-element-635d5ca elementor-widget elementor-widget-text-editor\" data-id=\"635d5ca\" data-element_type=\"widget\" data-widget_type=\"text-editor.default\">\n\t\t\t\t<div class=\"elementor-widget-container\">\n\t\t\t\t\t\t\t<p><span style=\"color: #1a1717;\">Laudos e Estudos <\/span><br \/><span style=\"color: #1a1717;\">El\u00e9tricos<\/span><\/p>\t\t\t\t\t\t<\/div>\n\t\t\t\t<\/div>\n\t\t\t\t<\/a>\n\t\t\t\t\t<\/div>\n\t\t\t\t<\/div>\n\t\t<div class=\"elementor-element elementor-element-3288b9e e-flex e-con-boxed e-con e-parent\" data-id=\"3288b9e\" data-element_type=\"container\" data-settings=\"{&quot;background_background&quot;:&quot;classic&quot;,&quot;jet_parallax_layout_list&quot;:[],&quot;content_width&quot;:&quot;boxed&quot;}\" data-core-v316-plus=\"true\">\n\t\t\t\t\t<div class=\"e-con-inner\">\n\t\t\t\t<div class=\"elementor-element elementor-element-307583a elementor-widget elementor-widget-heading\" data-id=\"307583a\" data-element_type=\"widget\" data-widget_type=\"heading.default\">\n\t\t\t\t<div class=\"elementor-widget-container\">\n\t\t\t<h2 class=\"elementor-heading-title elementor-size-default\">CONTATO<\/h2>\t\t<\/div>\n\t\t\t\t<\/div>\n\t\t\t\t<div class=\"elementor-element elementor-element-3d80827 elementor-widget elementor-widget-text-editor\" data-id=\"3d80827\" data-element_type=\"widget\" data-widget_type=\"text-editor.default\">\n\t\t\t\t<div class=\"elementor-widget-container\">\n\t\t\t\t\t\t\t<p>Transformando desafios em solu\u00e7\u00f5es<\/p>\t\t\t\t\t\t<\/div>\n\t\t\t\t<\/div>\n\t\t\t\t<div class=\"elementor-element elementor-element-edc089c elementor-widget elementor-widget-text-editor\" data-id=\"edc089c\" data-element_type=\"widget\" data-widget_type=\"text-editor.default\">\n\t\t\t\t<div class=\"elementor-widget-container\">\n\t\t\t\t\t\t\t<p>Como podemos te ajudar hoje?<br \/>Entre em contato agora e fale com um especialista.<\/p>\t\t\t\t\t\t<\/div>\n\t\t\t\t<\/div>\n\t\t\t\t<div class=\"elementor-element elementor-element-34f43f6 elementor-align-center elementor-widget elementor-widget-button\" data-id=\"34f43f6\" data-element_type=\"widget\" data-widget_type=\"button.default\">\n\t\t\t\t<div class=\"elementor-widget-container\">\n\t\t\t\t\t<div class=\"elementor-button-wrapper\">\n\t\t\t<a class=\"elementor-button elementor-button-link elementor-size-sm elementor-animation-grow\" href=\"https:\/\/mpa.siteup.dev\/es\/contato\/\">\n\t\t\t\t\t\t<span class=\"elementor-button-content-wrapper\">\n\t\t\t\t\t\t<span class=\"elementor-button-text\">Falar com um especialista<\/span>\n\t\t<\/span>\n\t\t\t\t\t<\/a>\n\t\t<\/div>\n\t\t\t\t<\/div>\n\t\t\t\t<\/div>\n\t\t\t\t\t<\/div>\n\t\t\t\t<\/div>\n\t\t\t\t\t\t\t<\/div>","protected":false},"excerpt":{"rendered":"<p>SOLU\u00c7\u00d5ES INDUSTRIAIS Solu\u00e7\u00f5es sob medida para suas necessidades. Conhe\u00e7a nossos servi\u00e7os especializados Desafios transformados em solu\u00e7\u00f5es. Expertise em Automa\u00e7\u00e3o, Engenharia El\u00e9trica, Rob\u00f3tica e mais. Explore nossos servi\u00e7os personalizados para impulsionar a excel\u00eancia industrial. Engenharia El\u00e9trica Software de gerenciamento emonitoramento Automa\u00e7\u00e3o e Controle Rob\u00f3tica Pain\u00e9is Rastreabilidade e Qualifica\u00e7\u00e3o Treinamento e Consultorias Laudos e Estudos El\u00e9tricos CONTATO [&hellip;]<\/p>","protected":false},"author":21,"featured_media":0,"parent":0,"menu_order":0,"comment_status":"closed","ping_status":"closed","template":"elementor_header_footer","meta":{"footnotes":""},"yoast_head":"<!-- This site is optimized with the Yoast SEO plugin v21.7 - https:\/\/yoast.com\/wordpress\/plugins\/seo\/ -->\n<title>Solu\u00e7\u00f5es Industriais | MPA<\/title>\n<meta name=\"description\" content=\"Nossas solu\u00e7\u00f5es industriais s\u00e3o projetadas para otimizar processos, aumentar a produtividade e garantir qualidade em sua produ\u00e7\u00e3o.\" \/>\n<meta name=\"robots\" content=\"noindex, follow, max-snippet:-1, max-image-preview:large, max-video-preview:-1\" \/>\n<meta property=\"og:locale\" content=\"es_ES\" \/>\n<meta property=\"og:type\" content=\"article\" \/>\n<meta property=\"og:title\" content=\"Solu\u00e7\u00f5es Industriais | MPA\" \/>\n<meta property=\"og:description\" content=\"Nossas solu\u00e7\u00f5es industriais s\u00e3o projetadas para otimizar processos, aumentar a produtividade e garantir qualidade em sua produ\u00e7\u00e3o.\" \/>\n<meta property=\"og:url\" content=\"https:\/\/mpa.siteup.dev\/es\/servicos\/\" \/>\n<meta property=\"og:site_name\" content=\"MPA Automa\u00e7\u00e3o\" \/>\n<meta property=\"article:modified_time\" content=\"2023-12-15T20:10:56+00:00\" \/>\n<meta property=\"og:image\" content=\"https:\/\/mpa.siteup.dev\/wp-content\/uploads\/2023\/09\/Frame-100.png\" \/>\n<meta name=\"twitter:card\" content=\"summary_large_image\" \/>\n<meta name=\"twitter:label1\" content=\"Tiempo de lectura\" \/>\n\t<meta name=\"twitter:data1\" content=\"3 minutos\" \/>\n<script type=\"application\/ld+json\" class=\"yoast-schema-graph\">{\"@context\":\"https:\/\/schema.org\",\"@graph\":[{\"@type\":\"WebPage\",\"@id\":\"https:\/\/mpa.siteup.dev\/servicos\/\",\"url\":\"https:\/\/mpa.siteup.dev\/servicos\/\",\"name\":\"Solu\u00e7\u00f5es Industriais | MPA\",\"isPartOf\":{\"@id\":\"https:\/\/mpa.siteup.dev\/#website\"},\"datePublished\":\"2023-10-03T13:10:51+00:00\",\"dateModified\":\"2023-12-15T20:10:56+00:00\",\"description\":\"Nossas solu\u00e7\u00f5es industriais s\u00e3o projetadas para otimizar processos, aumentar a produtividade e garantir qualidade em sua produ\u00e7\u00e3o.\",\"inLanguage\":\"es\",\"potentialAction\":[{\"@type\":\"ReadAction\",\"target\":[\"https:\/\/mpa.siteup.dev\/servicos\/\"]}]},{\"@type\":\"WebSite\",\"@id\":\"https:\/\/mpa.siteup.dev\/#website\",\"url\":\"https:\/\/mpa.siteup.dev\/\",\"name\":\"MPA Automa\u00e7\u00e3o\",\"description\":\"\",\"potentialAction\":[{\"@type\":\"SearchAction\",\"target\":{\"@type\":\"EntryPoint\",\"urlTemplate\":\"https:\/\/mpa.siteup.dev\/?s={search_term_string}\"},\"query-input\":\"required name=search_term_string\"}],\"inLanguage\":\"es\"}]}<\/script>\n<!-- \/ Yoast SEO plugin. -->","yoast_head_json":{"title":"Solu\u00e7\u00f5es Industriais | MPA","description":"Nossas solu\u00e7\u00f5es industriais s\u00e3o projetadas para otimizar processos, aumentar a produtividade e garantir qualidade em sua produ\u00e7\u00e3o.","robots":{"index":"noindex","follow":"follow","max-snippet":"max-snippet:-1","max-image-preview":"max-image-preview:large","max-video-preview":"max-video-preview:-1"},"og_locale":"es_ES","og_type":"article","og_title":"Solu\u00e7\u00f5es Industriais | MPA","og_description":"Nossas solu\u00e7\u00f5es industriais s\u00e3o projetadas para otimizar processos, aumentar a produtividade e garantir qualidade em sua produ\u00e7\u00e3o.","og_url":"https:\/\/mpa.siteup.dev\/es\/servicos\/","og_site_name":"MPA Automa\u00e7\u00e3o","article_modified_time":"2023-12-15T20:10:56+00:00","og_image":[{"url":"https:\/\/mpa.siteup.dev\/wp-content\/uploads\/2023\/09\/Frame-100.png"}],"twitter_card":"summary_large_image","twitter_misc":{"Tiempo de lectura":"3 minutos"},"schema":{"@context":"https:\/\/schema.org","@graph":[{"@type":"WebPage","@id":"https:\/\/mpa.siteup.dev\/servicos\/","url":"https:\/\/mpa.siteup.dev\/servicos\/","name":"Solu\u00e7\u00f5es Industriais | MPA","isPartOf":{"@id":"https:\/\/mpa.siteup.dev\/#website"},"datePublished":"2023-10-03T13:10:51+00:00","dateModified":"2023-12-15T20:10:56+00:00","description":"Nossas solu\u00e7\u00f5es industriais s\u00e3o projetadas para otimizar processos, aumentar a produtividade e garantir qualidade em sua produ\u00e7\u00e3o.","inLanguage":"es","potentialAction":[{"@type":"ReadAction","target":["https:\/\/mpa.siteup.dev\/servicos\/"]}]},{"@type":"WebSite","@id":"https:\/\/mpa.siteup.dev\/#website","url":"https:\/\/mpa.siteup.dev\/","name":"MPA Automa\u00e7\u00e3o","description":"","potentialAction":[{"@type":"SearchAction","target":{"@type":"EntryPoint","urlTemplate":"https:\/\/mpa.siteup.dev\/?s={search_term_string}"},"query-input":"required name=search_term_string"}],"inLanguage":"es"}]}},"_links":{"self":[{"href":"https:\/\/mpa.siteup.dev\/es\/wp-json\/wp\/v2\/pages\/447"}],"collection":[{"href":"https:\/\/mpa.siteup.dev\/es\/wp-json\/wp\/v2\/pages"}],"about":[{"href":"https:\/\/mpa.siteup.dev\/es\/wp-json\/wp\/v2\/types\/page"}],"author":[{"embeddable":true,"href":"https:\/\/mpa.siteup.dev\/es\/wp-json\/wp\/v2\/users\/21"}],"replies":[{"embeddable":true,"href":"https:\/\/mpa.siteup.dev\/es\/wp-json\/wp\/v2\/comments?post=447"}],"version-history":[{"count":47,"href":"https:\/\/mpa.siteup.dev\/es\/wp-json\/wp\/v2\/pages\/447\/revisions"}],"predecessor-version":[{"id":2927,"href":"https:\/\/mpa.siteup.dev\/es\/wp-json\/wp\/v2\/pages\/447\/revisions\/2927"}],"wp:attachment":[{"href":"https:\/\/mpa.siteup.dev\/es\/wp-json\/wp\/v2\/media?parent=447"}],"curies":[{"name":"wp","href":"https:\/\/api.w.org\/{rel}","templated":true}]}}