{"id":913,"date":"2023-10-06T10:59:38","date_gmt":"2023-10-06T13:59:38","guid":{"rendered":"https:\/\/mpa.siteup.dev\/?page_id=913"},"modified":"2023-12-15T17:06:18","modified_gmt":"2023-12-15T20:06:18","slug":"mais-segmentos-atendidos","status":"publish","type":"page","link":"https:\/\/mpa.siteup.dev\/en\/mais-segmentos-atendidos\/","title":{"rendered":"Mais Segmentos Atendidos"},"content":{"rendered":"<div data-elementor-type=\"wp-page\" data-elementor-id=\"913\" class=\"elementor elementor-913\" data-elementor-post-type=\"page\">\n\t\t\t\t\t\t\t<div class=\"elementor-element elementor-element-d0b8b73 e-flex e-con-boxed e-con e-parent\" data-id=\"d0b8b73\" data-element_type=\"container\" data-settings=\"{&quot;background_background&quot;:&quot;classic&quot;,&quot;jet_parallax_layout_list&quot;:[],&quot;content_width&quot;:&quot;boxed&quot;}\" data-core-v316-plus=\"true\">\n\t\t\t\t\t<div class=\"e-con-inner\">\n\t\t\t\t<div class=\"elementor-element elementor-element-9bfb53f elementor-widget elementor-widget-heading\" data-id=\"9bfb53f\" data-element_type=\"widget\" data-widget_type=\"heading.default\">\n\t\t\t\t<div class=\"elementor-widget-container\">\n\t\t\t<h2 class=\"elementor-heading-title elementor-size-default\">Mais Segmentos Atendidos<\/h2>\t\t<\/div>\n\t\t\t\t<\/div>\n\t\t\t\t\t<\/div>\n\t\t\t\t<\/div>\n\t\t<div class=\"elementor-element elementor-element-fcb1391 e-flex e-con-boxed e-con e-parent\" data-id=\"fcb1391\" data-element_type=\"container\" data-settings=\"{&quot;jet_parallax_layout_list&quot;:[],&quot;content_width&quot;:&quot;boxed&quot;}\" data-core-v316-plus=\"true\">\n\t\t\t\t\t<div class=\"e-con-inner\">\n\t\t<div class=\"elementor-element elementor-element-bcf0056 e-con-full e-flex e-con e-child\" data-id=\"bcf0056\" data-element_type=\"container\" data-settings=\"{&quot;content_width&quot;:&quot;full&quot;,&quot;jet_parallax_layout_list&quot;:[]}\">\n\t\t\t\t<div class=\"elementor-element elementor-element-f059600 elementor-widget elementor-widget-text-editor\" data-id=\"f059600\" data-element_type=\"widget\" data-widget_type=\"text-editor.default\">\n\t\t\t\t<div class=\"elementor-widget-container\">\n\t\t\t\t\t\t\t<p>A MPA tamb\u00e9m atende a outras ind\u00fastrias e setores com solu\u00e7\u00f5es sob medida para suas demandas espec\u00edficas.<\/p><p>Nosso comprometimento com a excel\u00eancia e a busca cont\u00ednua por inova\u00e7\u00e3o nos permite atuar com sucesso em diversos mercados.<\/p>\t\t\t\t\t\t<\/div>\n\t\t\t\t<\/div>\n\t\t\t\t<div class=\"elementor-element elementor-element-15ac611 elementor-widget elementor-widget-text-editor\" data-id=\"15ac611\" data-element_type=\"widget\" data-widget_type=\"text-editor.default\">\n\t\t\t\t<div class=\"elementor-widget-container\">\n\t\t\t\t\t\t\t<p>Mais segmentos atendidos<\/p>\t\t\t\t\t\t<\/div>\n\t\t\t\t<\/div>\n\t\t\t\t<div class=\"elementor-element elementor-element-bbba70f elementor-icon-list--layout-traditional elementor-list-item-link-full_width elementor-widget elementor-widget-icon-list\" data-id=\"bbba70f\" data-element_type=\"widget\" data-widget_type=\"icon-list.default\">\n\t\t\t\t<div class=\"elementor-widget-container\">\n\t\t\t\t\t<ul class=\"elementor-icon-list-items\">\n\t\t\t\t\t\t\t<li class=\"elementor-icon-list-item\">\n\t\t\t\t\t\t\t\t\t\t\t<span class=\"elementor-icon-list-icon\">\n\t\t\t\t\t\t\t<i aria-hidden=\"true\" class=\"far fa-check-square\"><\/i>\t\t\t\t\t\t<\/span>\n\t\t\t\t\t\t\t\t\t\t<span class=\"elementor-icon-list-text\"><strong>Cal<\/strong> - Com solu\u00e7\u00f5es personalizadas em automa\u00e7\u00e3o e controle, contribu\u00edmos para a efici\u00eancia e aprimoramento dos processos na ind\u00fastria de cal, garantindo qualidade e produtividade.<\/span>\n\t\t\t\t\t\t\t\t\t<\/li>\n\t\t\t\t\t\t\t\t<li class=\"elementor-icon-list-item\">\n\t\t\t\t\t\t\t\t\t\t\t<span class=\"elementor-icon-list-icon\">\n\t\t\t\t\t\t\t<i aria-hidden=\"true\" class=\"far fa-check-square\"><\/i>\t\t\t\t\t\t<\/span>\n\t\t\t\t\t\t\t\t\t\t<span class=\"elementor-icon-list-text\"><strong>Celulose<\/strong> - Oferecemos tecnologias avan\u00e7adas em automa\u00e7\u00e3o e controle para a ind\u00fastria de celulose, otimizando a produ\u00e7\u00e3o e promovendo a sustentabilidade ambiental.<\/span>\n\t\t\t\t\t\t\t\t\t<\/li>\n\t\t\t\t\t\t\t\t<li class=\"elementor-icon-list-item\">\n\t\t\t\t\t\t\t\t\t\t\t<span class=\"elementor-icon-list-icon\">\n\t\t\t\t\t\t\t<i aria-hidden=\"true\" class=\"far fa-check-square\"><\/i>\t\t\t\t\t\t<\/span>\n\t\t\t\t\t\t\t\t\t\t<span class=\"elementor-icon-list-text\"><strong>Siderurgia<\/strong> - Nossas solu\u00e7\u00f5es de automa\u00e7\u00e3o e controle impulsionam a ind\u00fastria sider\u00fargica, garantindo maior efici\u00eancia e seguran\u00e7a nos processos de produ\u00e7\u00e3o.<\/span>\n\t\t\t\t\t\t\t\t\t<\/li>\n\t\t\t\t\t\t\t\t<li class=\"elementor-icon-list-item\">\n\t\t\t\t\t\t\t\t\t\t\t<span class=\"elementor-icon-list-icon\">\n\t\t\t\t\t\t\t<i aria-hidden=\"true\" class=\"far fa-check-square\"><\/i>\t\t\t\t\t\t<\/span>\n\t\t\t\t\t\t\t\t\t\t<span class=\"elementor-icon-list-text\"><strong>\u00d3leo e G\u00e1s<\/strong> - Com expertise em automa\u00e7\u00e3o e engenharia el\u00e9trica, atendemos \u00e0s demandas espec\u00edficas da ind\u00fastria de \u00f3leo e g\u00e1s, proporcionando maior efici\u00eancia e confiabilidade.<\/span>\n\t\t\t\t\t\t\t\t\t<\/li>\n\t\t\t\t\t\t\t\t<li class=\"elementor-icon-list-item\">\n\t\t\t\t\t\t\t\t\t\t\t<span class=\"elementor-icon-list-icon\">\n\t\t\t\t\t\t\t<i aria-hidden=\"true\" class=\"far fa-check-square\"><\/i>\t\t\t\t\t\t<\/span>\n\t\t\t\t\t\t\t\t\t\t<span class=\"elementor-icon-list-text\"><strong>Energia<\/strong> - Contribu\u00edmos para o setor de energia com solu\u00e7\u00f5es inteligentes em automa\u00e7\u00e3o e controle, garantindo a efici\u00eancia e o gerenciamento eficaz dos recursos energ\u00e9ticos.<\/span>\n\t\t\t\t\t\t\t\t\t<\/li>\n\t\t\t\t\t\t<\/ul>\n\t\t\t\t<\/div>\n\t\t\t\t<\/div>\n\t\t\t\t<\/div>\n\t\t<div class=\"elementor-element elementor-element-a0b29dc e-con-full e-flex e-con e-child\" data-id=\"a0b29dc\" data-element_type=\"container\" data-settings=\"{&quot;content_width&quot;:&quot;full&quot;,&quot;jet_parallax_layout_list&quot;:[]}\">\n\t\t\t\t<div class=\"elementor-element elementor-element-f555e3b elementor-widget elementor-widget-image\" data-id=\"f555e3b\" data-element_type=\"widget\" data-widget_type=\"image.default\">\n\t\t\t\t<div class=\"elementor-widget-container\">\n\t\t\t\t\t\t\t\t\t\t\t\t\t\t\t<img fetchpriority=\"high\" decoding=\"async\" width=\"461\" height=\"421\" src=\"https:\/\/mpa.siteup.dev\/wp-content\/uploads\/2023\/11\/Design-sem-nome-7.jpg\" class=\"attachment-large size-large wp-image-2552\" alt=\"Design sem nome ()\" srcset=\"https:\/\/mpa.siteup.dev\/wp-content\/uploads\/2023\/11\/Design-sem-nome-7.jpg 461w, https:\/\/mpa.siteup.dev\/wp-content\/uploads\/2023\/11\/Design-sem-nome-7-300x274.jpg 300w, https:\/\/mpa.siteup.dev\/wp-content\/uploads\/2023\/11\/Design-sem-nome-7-13x12.jpg 13w\" sizes=\"(max-width: 461px) 100vw, 461px\" \/>\t\t\t\t\t\t\t\t\t\t\t\t\t\t\t<\/div>\n\t\t\t\t<\/div>\n\t\t\t\t<\/div>\n\t\t\t\t\t<\/div>\n\t\t\t\t<\/div>\n\t\t<div class=\"elementor-element elementor-element-b241fac e-flex e-con-boxed e-con e-parent\" data-id=\"b241fac\" data-element_type=\"container\" data-settings=\"{&quot;background_background&quot;:&quot;classic&quot;,&quot;jet_parallax_layout_list&quot;:[],&quot;content_width&quot;:&quot;boxed&quot;}\" data-core-v316-plus=\"true\">\n\t\t\t\t\t<div class=\"e-con-inner\">\n\t\t\t\t<div class=\"elementor-element elementor-element-26dbb87 elementor-widget elementor-widget-text-editor\" data-id=\"26dbb87\" data-element_type=\"widget\" data-widget_type=\"text-editor.default\">\n\t\t\t\t<div class=\"elementor-widget-container\">\n\t\t\t\t\t\t\t<p>Conhe\u00e7a nossos <strong>segmentos.<\/strong><\/p>\t\t\t\t\t\t<\/div>\n\t\t\t\t<\/div>\n\t\t\t\t\t<\/div>\n\t\t\t\t<\/div>\n\t\t<div class=\"elementor-element elementor-element-f786032 e-flex e-con-boxed e-con e-parent\" data-id=\"f786032\" data-element_type=\"container\" data-settings=\"{&quot;background_background&quot;:&quot;classic&quot;,&quot;jet_parallax_layout_list&quot;:[],&quot;content_width&quot;:&quot;boxed&quot;}\" data-core-v316-plus=\"true\">\n\t\t\t\t\t<div class=\"e-con-inner\">\n\t\t<a class=\"elementor-element elementor-element-5d782d4 e-con-full slice-box e-flex e-con e-child\" data-id=\"5d782d4\" data-element_type=\"container\" data-settings=\"{&quot;content_width&quot;:&quot;full&quot;,&quot;jet_parallax_layout_list&quot;:[]}\" href=\"https:\/\/mpa.siteup.dev\/en\/quimica\/\">\n\t\t\t\t<div class=\"elementor-element elementor-element-2c517d0 elementor-widget elementor-widget-image\" data-id=\"2c517d0\" data-element_type=\"widget\" data-widget_type=\"image.default\">\n\t\t\t\t<div class=\"elementor-widget-container\">\n\t\t\t\t\t\t\t\t\t\t\t\t\t\t\t<img decoding=\"async\" width=\"65\" height=\"64\" src=\"https:\/\/mpa.siteup.dev\/wp-content\/uploads\/2023\/09\/flask.png\" class=\"elementor-animation-grow attachment-large size-large wp-image-299\" alt=\"flask\" \/>\t\t\t\t\t\t\t\t\t\t\t\t\t\t\t<\/div>\n\t\t\t\t<\/div>\n\t\t\t\t<div class=\"elementor-element elementor-element-4d8ea67 elementor-widget elementor-widget-text-editor\" data-id=\"4d8ea67\" data-element_type=\"widget\" data-widget_type=\"text-editor.default\">\n\t\t\t\t<div class=\"elementor-widget-container\">\n\t\t\t\t\t\t\t<p><span style=\"color: #1a1717;\">Ind\u00fastria Qu\u00edmica<\/span><\/p>\t\t\t\t\t\t<\/div>\n\t\t\t\t<\/div>\n\t\t\t\t<\/a>\n\t\t<a class=\"elementor-element elementor-element-832cd5c e-con-full slice-box e-flex e-con e-child\" data-id=\"832cd5c\" data-element_type=\"container\" data-settings=\"{&quot;content_width&quot;:&quot;full&quot;,&quot;jet_parallax_layout_list&quot;:[]}\" href=\"https:\/\/mpa.siteup.dev\/en\/automobilistica\/\">\n\t\t\t\t<div class=\"elementor-element elementor-element-2e20cdc elementor-widget elementor-widget-image\" data-id=\"2e20cdc\" data-element_type=\"widget\" data-widget_type=\"image.default\">\n\t\t\t\t<div class=\"elementor-widget-container\">\n\t\t\t\t\t\t\t\t\t\t\t\t\t\t\t<img decoding=\"async\" width=\"64\" height=\"64\" src=\"https:\/\/mpa.siteup.dev\/wp-content\/uploads\/2023\/09\/car.png\" class=\"elementor-animation-grow attachment-large size-large wp-image-300\" alt=\"car\" \/>\t\t\t\t\t\t\t\t\t\t\t\t\t\t\t<\/div>\n\t\t\t\t<\/div>\n\t\t\t\t<div class=\"elementor-element elementor-element-bcab122 elementor-widget elementor-widget-text-editor\" data-id=\"bcab122\" data-element_type=\"widget\" data-widget_type=\"text-editor.default\">\n\t\t\t\t<div class=\"elementor-widget-container\">\n\t\t\t\t\t\t\t<p><span style=\"color: #1a1717;\">Ind\u00fastria <\/span><br \/><span style=\"color: #1a1717;\">Automobil\u00edstica<\/span><\/p>\t\t\t\t\t\t<\/div>\n\t\t\t\t<\/div>\n\t\t\t\t<\/a>\n\t\t<a class=\"elementor-element elementor-element-328cd34 e-con-full slice-box e-flex e-con e-child\" data-id=\"328cd34\" data-element_type=\"container\" data-settings=\"{&quot;content_width&quot;:&quot;full&quot;,&quot;jet_parallax_layout_list&quot;:[]}\" href=\"https:\/\/mpa.siteup.dev\/en\/alimentos-e-bebidas\/\">\n\t\t\t\t<div class=\"elementor-element elementor-element-b1635a7 elementor-widget elementor-widget-image\" data-id=\"b1635a7\" data-element_type=\"widget\" data-widget_type=\"image.default\">\n\t\t\t\t<div class=\"elementor-widget-container\">\n\t\t\t\t\t\t\t\t\t\t\t\t\t\t\t<img loading=\"lazy\" decoding=\"async\" width=\"66\" height=\"65\" src=\"https:\/\/mpa.siteup.dev\/wp-content\/uploads\/2023\/10\/conveyor-2.png\" class=\"elementor-animation-grow attachment-large size-large wp-image-841\" alt=\"conveyor ()\" \/>\t\t\t\t\t\t\t\t\t\t\t\t\t\t\t<\/div>\n\t\t\t\t<\/div>\n\t\t\t\t<div class=\"elementor-element elementor-element-14ee832 elementor-widget elementor-widget-text-editor\" data-id=\"14ee832\" data-element_type=\"widget\" data-widget_type=\"text-editor.default\">\n\t\t\t\t<div class=\"elementor-widget-container\">\n\t\t\t\t\t\t\t<p><span style=\"color: #1a1717;\">Ind\u00fastria de <\/span><br \/><span style=\"color: #1a1717;\">Alimentos e Bebidas<\/span><\/p>\t\t\t\t\t\t<\/div>\n\t\t\t\t<\/div>\n\t\t\t\t<\/a>\n\t\t<a class=\"elementor-element elementor-element-d4b7a8e e-con-full slice-box e-flex e-con e-child\" data-id=\"d4b7a8e\" data-element_type=\"container\" data-settings=\"{&quot;content_width&quot;:&quot;full&quot;,&quot;jet_parallax_layout_list&quot;:[]}\" href=\"https:\/\/mpa.siteup.dev\/en\/mineracao\/\">\n\t\t\t\t<div class=\"elementor-element elementor-element-4647630 elementor-widget elementor-widget-image\" data-id=\"4647630\" data-element_type=\"widget\" data-widget_type=\"image.default\">\n\t\t\t\t<div class=\"elementor-widget-container\">\n\t\t\t\t\t\t\t\t\t\t\t\t\t\t\t<img loading=\"lazy\" decoding=\"async\" width=\"64\" height=\"64\" src=\"https:\/\/mpa.siteup.dev\/wp-content\/uploads\/2023\/09\/charcoal.png\" class=\"elementor-animation-grow attachment-large size-large wp-image-302\" alt=\"charcoal\" \/>\t\t\t\t\t\t\t\t\t\t\t\t\t\t\t<\/div>\n\t\t\t\t<\/div>\n\t\t\t\t<div class=\"elementor-element elementor-element-c68f44a elementor-widget elementor-widget-text-editor\" data-id=\"c68f44a\" data-element_type=\"widget\" data-widget_type=\"text-editor.default\">\n\t\t\t\t<div class=\"elementor-widget-container\">\n\t\t\t\t\t\t\t<p><span style=\"color: #1a1717;\">Minera\u00e7\u00e3o<\/span><\/p>\t\t\t\t\t\t<\/div>\n\t\t\t\t<\/div>\n\t\t\t\t<\/a>\n\t\t\t\t\t<\/div>\n\t\t\t\t<\/div>\n\t\t<div class=\"elementor-element elementor-element-1592634 e-flex e-con-boxed e-con e-parent\" data-id=\"1592634\" data-element_type=\"container\" data-settings=\"{&quot;background_background&quot;:&quot;classic&quot;,&quot;jet_parallax_layout_list&quot;:[],&quot;content_width&quot;:&quot;boxed&quot;}\" data-core-v316-plus=\"true\">\n\t\t\t\t\t<div class=\"e-con-inner\">\n\t\t<a class=\"elementor-element elementor-element-e4ba64e e-con-full slice-box e-flex e-con e-child\" data-id=\"e4ba64e\" data-element_type=\"container\" data-settings=\"{&quot;content_width&quot;:&quot;full&quot;,&quot;jet_parallax_layout_list&quot;:[]}\" href=\"https:\/\/mpa.siteup.dev\/en\/construcao-civil\/\">\n\t\t\t\t<div class=\"elementor-element elementor-element-7358d70 elementor-widget elementor-widget-image\" data-id=\"7358d70\" data-element_type=\"widget\" data-widget_type=\"image.default\">\n\t\t\t\t<div class=\"elementor-widget-container\">\n\t\t\t\t\t\t\t\t\t\t\t\t\t\t\t<img loading=\"lazy\" decoding=\"async\" width=\"64\" height=\"64\" src=\"https:\/\/mpa.siteup.dev\/wp-content\/uploads\/2023\/09\/engineering.png\" class=\"elementor-animation-grow attachment-large size-large wp-image-303\" alt=\"engineering\" \/>\t\t\t\t\t\t\t\t\t\t\t\t\t\t\t<\/div>\n\t\t\t\t<\/div>\n\t\t\t\t<div class=\"elementor-element elementor-element-5de8f19 elementor-widget elementor-widget-text-editor\" data-id=\"5de8f19\" data-element_type=\"widget\" data-widget_type=\"text-editor.default\">\n\t\t\t\t<div class=\"elementor-widget-container\">\n\t\t\t\t\t\t\t<p><span style=\"color: #1a1717;\">Constru\u00e7\u00e3o Civil<\/span><\/p>\t\t\t\t\t\t<\/div>\n\t\t\t\t<\/div>\n\t\t\t\t<\/a>\n\t\t<a class=\"elementor-element elementor-element-e03b799 e-con-full slice-box e-flex e-con e-child\" data-id=\"e03b799\" data-element_type=\"container\" data-settings=\"{&quot;content_width&quot;:&quot;full&quot;,&quot;jet_parallax_layout_list&quot;:[]}\" href=\"https:\/\/mpa.siteup.dev\/en\/agua-e-saneamento\/\">\n\t\t\t\t<div class=\"elementor-element elementor-element-bb8a8e0 elementor-widget elementor-widget-image\" data-id=\"bb8a8e0\" data-element_type=\"widget\" data-widget_type=\"image.default\">\n\t\t\t\t<div class=\"elementor-widget-container\">\n\t\t\t\t\t\t\t\t\t\t\t\t\t\t\t<img loading=\"lazy\" decoding=\"async\" width=\"64\" height=\"64\" src=\"https:\/\/mpa.siteup.dev\/wp-content\/uploads\/2023\/09\/water-tap.png\" class=\"elementor-animation-grow attachment-large size-large wp-image-304\" alt=\"water tap\" \/>\t\t\t\t\t\t\t\t\t\t\t\t\t\t\t<\/div>\n\t\t\t\t<\/div>\n\t\t\t\t<div class=\"elementor-element elementor-element-36b342d elementor-widget elementor-widget-text-editor\" data-id=\"36b342d\" data-element_type=\"widget\" data-widget_type=\"text-editor.default\">\n\t\t\t\t<div class=\"elementor-widget-container\">\n\t\t\t\t\t\t\t<p><span style=\"color: #1a1717;\">\u00c1gua e <\/span><br \/><span style=\"color: #1a1717;\">Saneamento<\/span><\/p>\t\t\t\t\t\t<\/div>\n\t\t\t\t<\/div>\n\t\t\t\t<\/a>\n\t\t<a class=\"elementor-element elementor-element-4c45338 e-con-full slice-box e-flex e-con e-child\" data-id=\"4c45338\" data-element_type=\"container\" data-settings=\"{&quot;content_width&quot;:&quot;full&quot;,&quot;jet_parallax_layout_list&quot;:[]}\" href=\"https:\/\/mpa.siteup.dev\/en\/farmaceutica\/\">\n\t\t\t\t<div class=\"elementor-element elementor-element-ff9a470 elementor-widget elementor-widget-image\" data-id=\"ff9a470\" data-element_type=\"widget\" data-widget_type=\"image.default\">\n\t\t\t\t<div class=\"elementor-widget-container\">\n\t\t\t\t\t\t\t\t\t\t\t\t\t\t\t<img loading=\"lazy\" decoding=\"async\" width=\"51\" height=\"51\" src=\"https:\/\/mpa.siteup.dev\/wp-content\/uploads\/2023\/09\/drugs.png\" class=\"elementor-animation-grow attachment-large size-large wp-image-305\" alt=\"drugs\" \/>\t\t\t\t\t\t\t\t\t\t\t\t\t\t\t<\/div>\n\t\t\t\t<\/div>\n\t\t\t\t<div class=\"elementor-element elementor-element-1aeb015 elementor-widget elementor-widget-text-editor\" data-id=\"1aeb015\" data-element_type=\"widget\" data-widget_type=\"text-editor.default\">\n\t\t\t\t<div class=\"elementor-widget-container\">\n\t\t\t\t\t\t\t<p><span style=\"color: #1a1717;\">Ind\u00fastria <\/span><br \/><span style=\"color: #1a1717;\">Farmac\u00eautica<\/span><\/p>\t\t\t\t\t\t<\/div>\n\t\t\t\t<\/div>\n\t\t\t\t<\/a>\n\t\t<a class=\"elementor-element elementor-element-c9154a5 e-con-full slice-box e-flex e-con e-child\" data-id=\"c9154a5\" data-element_type=\"container\" data-settings=\"{&quot;content_width&quot;:&quot;full&quot;,&quot;jet_parallax_layout_list&quot;:[]}\" href=\"https:\/\/mpa.siteup.dev\/en\/cimento-e-agregados\/\">\n\t\t\t\t<div class=\"elementor-element elementor-element-b12ae8c elementor-widget elementor-widget-image\" data-id=\"b12ae8c\" data-element_type=\"widget\" data-widget_type=\"image.default\">\n\t\t\t\t<div class=\"elementor-widget-container\">\n\t\t\t\t\t\t\t\t\t\t\t\t\t\t\t<img loading=\"lazy\" decoding=\"async\" width=\"65\" height=\"64\" src=\"https:\/\/mpa.siteup.dev\/wp-content\/uploads\/2023\/09\/building-materials.png\" class=\"elementor-animation-grow attachment-large size-large wp-image-306\" alt=\"building materials\" \/>\t\t\t\t\t\t\t\t\t\t\t\t\t\t\t<\/div>\n\t\t\t\t<\/div>\n\t\t\t\t<div class=\"elementor-element elementor-element-21855cb elementor-widget elementor-widget-text-editor\" data-id=\"21855cb\" data-element_type=\"widget\" data-widget_type=\"text-editor.default\">\n\t\t\t\t<div class=\"elementor-widget-container\">\n\t\t\t\t\t\t\t<p><span style=\"color: #1a1717;\">Cimento e <\/span><br \/><span style=\"color: #1a1717;\">Agregados<\/span><\/p>\t\t\t\t\t\t<\/div>\n\t\t\t\t<\/div>\n\t\t\t\t<\/a>\n\t\t\t\t\t<\/div>\n\t\t\t\t<\/div>\n\t\t<div class=\"elementor-element elementor-element-28066ff e-flex e-con-boxed e-con e-parent\" data-id=\"28066ff\" data-element_type=\"container\" data-settings=\"{&quot;background_background&quot;:&quot;classic&quot;,&quot;jet_parallax_layout_list&quot;:[],&quot;content_width&quot;:&quot;boxed&quot;}\" data-core-v316-plus=\"true\">\n\t\t\t\t\t<div class=\"e-con-inner\">\n\t\t\t\t<div class=\"elementor-element elementor-element-53b4ce4 elementor-widget elementor-widget-heading\" data-id=\"53b4ce4\" data-element_type=\"widget\" data-widget_type=\"heading.default\">\n\t\t\t\t<div class=\"elementor-widget-container\">\n\t\t\t<h2 class=\"elementor-heading-title elementor-size-default\">CONTATO<\/h2>\t\t<\/div>\n\t\t\t\t<\/div>\n\t\t\t\t<div class=\"elementor-element elementor-element-ac387ba elementor-widget elementor-widget-text-editor\" data-id=\"ac387ba\" data-element_type=\"widget\" data-widget_type=\"text-editor.default\">\n\t\t\t\t<div class=\"elementor-widget-container\">\n\t\t\t\t\t\t\t<p>Transformando desafios em solu\u00e7\u00f5es<\/p>\t\t\t\t\t\t<\/div>\n\t\t\t\t<\/div>\n\t\t\t\t<div class=\"elementor-element elementor-element-e9229a2 elementor-widget elementor-widget-text-editor\" data-id=\"e9229a2\" data-element_type=\"widget\" data-widget_type=\"text-editor.default\">\n\t\t\t\t<div class=\"elementor-widget-container\">\n\t\t\t\t\t\t\t<p>Como podemos te ajudar hoje?<br \/>Entre em contato agora e fale com um especialista.<\/p>\t\t\t\t\t\t<\/div>\n\t\t\t\t<\/div>\n\t\t\t\t<div class=\"elementor-element elementor-element-282a6ad elementor-align-center slice-btn elementor-widget elementor-widget-button\" data-id=\"282a6ad\" data-element_type=\"widget\" data-widget_type=\"button.default\">\n\t\t\t\t<div class=\"elementor-widget-container\">\n\t\t\t\t\t<div class=\"elementor-button-wrapper\">\n\t\t\t<a class=\"elementor-button elementor-button-link elementor-size-sm elementor-animation-grow\" href=\"https:\/\/mpa.siteup.dev\/en\/contato\/\">\n\t\t\t\t\t\t<span class=\"elementor-button-content-wrapper\">\n\t\t\t\t\t\t<span class=\"elementor-button-text\">Falar com um especialista<\/span>\n\t\t<\/span>\n\t\t\t\t\t<\/a>\n\t\t<\/div>\n\t\t\t\t<\/div>\n\t\t\t\t<\/div>\n\t\t\t\t\t<\/div>\n\t\t\t\t<\/div>\n\t\t\t\t\t\t\t<\/div>","protected":false},"excerpt":{"rendered":"<p>Mais Segmentos Atendidos A MPA tamb\u00e9m atende a outras ind\u00fastrias e setores com solu\u00e7\u00f5es sob medida para suas demandas espec\u00edficas. Nosso comprometimento com a excel\u00eancia e a busca cont\u00ednua por inova\u00e7\u00e3o nos permite atuar com sucesso em diversos mercados. Mais segmentos atendidos Cal &#8211; Com solu\u00e7\u00f5es personalizadas em automa\u00e7\u00e3o e controle, contribu\u00edmos para a efici\u00eancia [&hellip;]<\/p>","protected":false},"author":21,"featured_media":0,"parent":0,"menu_order":0,"comment_status":"closed","ping_status":"closed","template":"elementor_header_footer","meta":{"footnotes":""},"yoast_head":"<!-- This site is optimized with the Yoast SEO plugin v21.7 - https:\/\/yoast.com\/wordpress\/plugins\/seo\/ -->\n<title>Mais Segmentos Atendidos - MPA Automa\u00e7\u00e3o<\/title>\n<meta name=\"robots\" content=\"noindex, follow, max-snippet:-1, max-image-preview:large, max-video-preview:-1\" \/>\n<meta property=\"og:locale\" content=\"en_US\" \/>\n<meta property=\"og:type\" content=\"article\" \/>\n<meta property=\"og:title\" content=\"Mais Segmentos Atendidos - MPA Automa\u00e7\u00e3o\" \/>\n<meta property=\"og:description\" content=\"Mais Segmentos Atendidos A MPA tamb\u00e9m atende a outras ind\u00fastrias e setores com solu\u00e7\u00f5es sob medida para suas demandas espec\u00edficas. Nosso comprometimento com a excel\u00eancia e a busca cont\u00ednua por inova\u00e7\u00e3o nos permite atuar com sucesso em diversos mercados. Mais segmentos atendidos Cal &#8211; Com solu\u00e7\u00f5es personalizadas em automa\u00e7\u00e3o e controle, contribu\u00edmos para a efici\u00eancia [&hellip;]\" \/>\n<meta property=\"og:url\" content=\"https:\/\/mpa.siteup.dev\/en\/mais-segmentos-atendidos\/\" \/>\n<meta property=\"og:site_name\" content=\"MPA Automa\u00e7\u00e3o\" \/>\n<meta property=\"article:modified_time\" content=\"2023-12-15T20:06:18+00:00\" \/>\n<meta property=\"og:image\" content=\"https:\/\/mpa.siteup.dev\/wp-content\/uploads\/2023\/11\/Design-sem-nome-7.jpg\" \/>\n<meta name=\"twitter:card\" content=\"summary_large_image\" \/>\n<meta name=\"twitter:label1\" content=\"Est. reading time\" \/>\n\t<meta name=\"twitter:data1\" content=\"3 minutes\" \/>\n<script type=\"application\/ld+json\" class=\"yoast-schema-graph\">{\"@context\":\"https:\/\/schema.org\",\"@graph\":[{\"@type\":\"WebPage\",\"@id\":\"https:\/\/mpa.siteup.dev\/mais-segmentos-atendidos\/\",\"url\":\"https:\/\/mpa.siteup.dev\/mais-segmentos-atendidos\/\",\"name\":\"Mais Segmentos Atendidos - MPA Automa\u00e7\u00e3o\",\"isPartOf\":{\"@id\":\"https:\/\/mpa.siteup.dev\/#website\"},\"datePublished\":\"2023-10-06T13:59:38+00:00\",\"dateModified\":\"2023-12-15T20:06:18+00:00\",\"inLanguage\":\"en-US\",\"potentialAction\":[{\"@type\":\"ReadAction\",\"target\":[\"https:\/\/mpa.siteup.dev\/mais-segmentos-atendidos\/\"]}]},{\"@type\":\"WebSite\",\"@id\":\"https:\/\/mpa.siteup.dev\/#website\",\"url\":\"https:\/\/mpa.siteup.dev\/\",\"name\":\"MPA Automa\u00e7\u00e3o\",\"description\":\"\",\"potentialAction\":[{\"@type\":\"SearchAction\",\"target\":{\"@type\":\"EntryPoint\",\"urlTemplate\":\"https:\/\/mpa.siteup.dev\/?s={search_term_string}\"},\"query-input\":\"required name=search_term_string\"}],\"inLanguage\":\"en-US\"}]}<\/script>\n<!-- \/ Yoast SEO plugin. -->","yoast_head_json":{"title":"Mais Segmentos Atendidos - MPA Automa\u00e7\u00e3o","robots":{"index":"noindex","follow":"follow","max-snippet":"max-snippet:-1","max-image-preview":"max-image-preview:large","max-video-preview":"max-video-preview:-1"},"og_locale":"en_US","og_type":"article","og_title":"Mais Segmentos Atendidos - MPA Automa\u00e7\u00e3o","og_description":"Mais Segmentos Atendidos A MPA tamb\u00e9m atende a outras ind\u00fastrias e setores com solu\u00e7\u00f5es sob medida para suas demandas espec\u00edficas. Nosso comprometimento com a excel\u00eancia e a busca cont\u00ednua por inova\u00e7\u00e3o nos permite atuar com sucesso em diversos mercados. Mais segmentos atendidos Cal &#8211; Com solu\u00e7\u00f5es personalizadas em automa\u00e7\u00e3o e controle, contribu\u00edmos para a efici\u00eancia [&hellip;]","og_url":"https:\/\/mpa.siteup.dev\/en\/mais-segmentos-atendidos\/","og_site_name":"MPA Automa\u00e7\u00e3o","article_modified_time":"2023-12-15T20:06:18+00:00","og_image":[{"url":"https:\/\/mpa.siteup.dev\/wp-content\/uploads\/2023\/11\/Design-sem-nome-7.jpg"}],"twitter_card":"summary_large_image","twitter_misc":{"Est. reading time":"3 minutes"},"schema":{"@context":"https:\/\/schema.org","@graph":[{"@type":"WebPage","@id":"https:\/\/mpa.siteup.dev\/mais-segmentos-atendidos\/","url":"https:\/\/mpa.siteup.dev\/mais-segmentos-atendidos\/","name":"Mais Segmentos Atendidos - MPA Automa\u00e7\u00e3o","isPartOf":{"@id":"https:\/\/mpa.siteup.dev\/#website"},"datePublished":"2023-10-06T13:59:38+00:00","dateModified":"2023-12-15T20:06:18+00:00","inLanguage":"en-US","potentialAction":[{"@type":"ReadAction","target":["https:\/\/mpa.siteup.dev\/mais-segmentos-atendidos\/"]}]},{"@type":"WebSite","@id":"https:\/\/mpa.siteup.dev\/#website","url":"https:\/\/mpa.siteup.dev\/","name":"MPA Automa\u00e7\u00e3o","description":"","potentialAction":[{"@type":"SearchAction","target":{"@type":"EntryPoint","urlTemplate":"https:\/\/mpa.siteup.dev\/?s={search_term_string}"},"query-input":"required name=search_term_string"}],"inLanguage":"en-US"}]}},"_links":{"self":[{"href":"https:\/\/mpa.siteup.dev\/en\/wp-json\/wp\/v2\/pages\/913"}],"collection":[{"href":"https:\/\/mpa.siteup.dev\/en\/wp-json\/wp\/v2\/pages"}],"about":[{"href":"https:\/\/mpa.siteup.dev\/en\/wp-json\/wp\/v2\/types\/page"}],"author":[{"embeddable":true,"href":"https:\/\/mpa.siteup.dev\/en\/wp-json\/wp\/v2\/users\/21"}],"replies":[{"embeddable":true,"href":"https:\/\/mpa.siteup.dev\/en\/wp-json\/wp\/v2\/comments?post=913"}],"version-history":[{"count":63,"href":"https:\/\/mpa.siteup.dev\/en\/wp-json\/wp\/v2\/pages\/913\/revisions"}],"predecessor-version":[{"id":2920,"href":"https:\/\/mpa.siteup.dev\/en\/wp-json\/wp\/v2\/pages\/913\/revisions\/2920"}],"wp:attachment":[{"href":"https:\/\/mpa.siteup.dev\/en\/wp-json\/wp\/v2\/media?parent=913"}],"curies":[{"name":"wp","href":"https:\/\/api.w.org\/{rel}","templated":true}]}}