{"id":469,"date":"2023-10-03T11:16:29","date_gmt":"2023-10-03T14:16:29","guid":{"rendered":"https:\/\/mpa.siteup.dev\/?page_id=469"},"modified":"2023-12-15T17:09:56","modified_gmt":"2023-12-15T20:09:56","slug":"segmentos","status":"publish","type":"page","link":"https:\/\/mpa.siteup.dev\/en\/segmentos\/","title":{"rendered":"Segmentos"},"content":{"rendered":"<div data-elementor-type=\"wp-page\" data-elementor-id=\"469\" class=\"elementor elementor-469\" data-elementor-post-type=\"page\">\n\t\t\t\t\t\t\t<div class=\"elementor-element elementor-element-2296eaa e-flex e-con-boxed e-con e-parent\" data-id=\"2296eaa\" data-element_type=\"container\" data-settings=\"{&quot;jet_parallax_layout_list&quot;:[],&quot;content_width&quot;:&quot;boxed&quot;}\" data-core-v316-plus=\"true\">\n\t\t\t\t\t<div class=\"e-con-inner\">\n\t\t<div class=\"elementor-element elementor-element-0b5a932 e-con-full e-flex e-con e-child\" data-id=\"0b5a932\" data-element_type=\"container\" data-settings=\"{&quot;content_width&quot;:&quot;full&quot;,&quot;jet_parallax_layout_list&quot;:[]}\">\n\t\t\t\t<div class=\"elementor-element elementor-element-6380bbd elementor-widget elementor-widget-heading\" data-id=\"6380bbd\" data-element_type=\"widget\" data-widget_type=\"heading.default\">\n\t\t\t\t<div class=\"elementor-widget-container\">\n\t\t\t<h2 class=\"elementor-heading-title elementor-size-default\">A <strong>MPA<\/strong> atende <strong>diversos segmentos<\/strong> com <strong>expertise\ne excel\u00eancia<\/h2>\t\t<\/div>\n\t\t\t\t<\/div>\n\t\t\t\t<\/div>\n\t\t<div class=\"elementor-element elementor-element-87da1b3 e-con-full e-flex e-con e-child\" data-id=\"87da1b3\" data-element_type=\"container\" data-settings=\"{&quot;content_width&quot;:&quot;full&quot;,&quot;jet_parallax_layout_list&quot;:[]}\">\n\t\t\t\t<div class=\"elementor-element elementor-element-36c1d0d elementor-widget elementor-widget-text-editor\" data-id=\"36c1d0d\" data-element_type=\"widget\" data-widget_type=\"text-editor.default\">\n\t\t\t\t<div class=\"elementor-widget-container\">\n\t\t\t\t\t\t\t<p>Na MPA, acreditamos que cada setor industrial possui suas pr\u00f3prias demandas e desafios \u00fanicos. Com mais de uma d\u00e9cada de experi\u00eancia em engenharia e tecnologia, nos dedicamos a fornecer solu\u00e7\u00f5es sob medida para uma ampla gama de segmentos, impulsionando a inova\u00e7\u00e3o, efici\u00eancia e excel\u00eancia operacional<\/p><p>Nossos servi\u00e7os abrangem desde a otimiza\u00e7\u00e3o de processos at\u00e9 a implementa\u00e7\u00e3o de tecnologias de ponta, tudo projetado para atender \u00e0s necessidades espec\u00edficas de cada setor. Estamos comprometidos em ajudar nossos clientes a enfrentar os desafios complexos que enfrentam, seja na ind\u00fastria aliment\u00edcia, farmac\u00eautica, automobil\u00edstica, constru\u00e7\u00e3o civil, minera\u00e7\u00e3o, qu\u00edmica, \u00e1gua e saneamento, cimento e muito mais.<\/p>\t\t\t\t\t\t<\/div>\n\t\t\t\t<\/div>\n\t\t\t\t<\/div>\n\t\t\t\t\t<\/div>\n\t\t\t\t<\/div>\n\t\t<div class=\"elementor-element elementor-element-8453df2 e-flex e-con-boxed e-con e-parent\" data-id=\"8453df2\" data-element_type=\"container\" data-settings=\"{&quot;background_background&quot;:&quot;classic&quot;,&quot;jet_parallax_layout_list&quot;:[],&quot;content_width&quot;:&quot;boxed&quot;}\" data-core-v316-plus=\"true\">\n\t\t\t\t\t<div class=\"e-con-inner\">\n\t\t\t\t<div class=\"elementor-element elementor-element-ca5a9de elementor-widget elementor-widget-heading\" data-id=\"ca5a9de\" data-element_type=\"widget\" data-widget_type=\"heading.default\">\n\t\t\t\t<div class=\"elementor-widget-container\">\n\t\t\t<h1 class=\"elementor-heading-title elementor-size-default\">SEGMENTOS DE ATUA\u00c7\u00c3O<\/h1>\t\t<\/div>\n\t\t\t\t<\/div>\n\t\t\t\t<div class=\"elementor-element elementor-element-b91db26 elementor-widget elementor-widget-text-editor\" data-id=\"b91db26\" data-element_type=\"widget\" data-widget_type=\"text-editor.default\">\n\t\t\t\t<div class=\"elementor-widget-container\">\n\t\t\t\t\t\t\t<p><strong>Segmentos atendidos<\/strong><\/p>\t\t\t\t\t\t<\/div>\n\t\t\t\t<\/div>\n\t\t\t\t<div class=\"elementor-element elementor-element-b3fc347 elementor-widget__width-initial elementor-widget elementor-widget-text-editor\" data-id=\"b3fc347\" data-element_type=\"widget\" data-widget_type=\"text-editor.default\">\n\t\t\t\t<div class=\"elementor-widget-container\">\n\t\t\t\t\t\t\t<p>Explore os segmentos abaixo para descobrir como a MPA est\u00e1 transformando as ind\u00fastrias por meio de solu\u00e7\u00f5es inovadoras e personalizadas. Cada setor \u00e9 \u00fanico, e assim \u00e9 a nossa abordagem para atender \u00e0s suas necessidades e superar seus desafios<\/p>\t\t\t\t\t\t<\/div>\n\t\t\t\t<\/div>\n\t\t\t\t\t<\/div>\n\t\t\t\t<\/div>\n\t\t<div class=\"elementor-element elementor-element-e13fc95 e-flex e-con-boxed e-con e-parent\" data-id=\"e13fc95\" data-element_type=\"container\" data-settings=\"{&quot;background_background&quot;:&quot;classic&quot;,&quot;jet_parallax_layout_list&quot;:[],&quot;content_width&quot;:&quot;boxed&quot;}\" data-core-v316-plus=\"true\">\n\t\t\t\t\t<div class=\"e-con-inner\">\n\t\t<a class=\"elementor-element elementor-element-7b8ad39 e-con-full slice-box e-flex e-con e-child\" data-id=\"7b8ad39\" data-element_type=\"container\" data-settings=\"{&quot;content_width&quot;:&quot;full&quot;,&quot;jet_parallax_layout_list&quot;:[]}\" href=\"https:\/\/mpa.siteup.dev\/en\/quimica\/\">\n\t\t\t\t<div class=\"elementor-element elementor-element-a730667 elementor-widget elementor-widget-image\" data-id=\"a730667\" data-element_type=\"widget\" data-widget_type=\"image.default\">\n\t\t\t\t<div class=\"elementor-widget-container\">\n\t\t\t\t\t\t\t\t\t\t\t\t\t\t\t<img decoding=\"async\" width=\"65\" height=\"64\" src=\"https:\/\/mpa.siteup.dev\/wp-content\/uploads\/2023\/09\/flask.png\" class=\"elementor-animation-grow attachment-large size-large wp-image-299\" alt=\"flask\" \/>\t\t\t\t\t\t\t\t\t\t\t\t\t\t\t<\/div>\n\t\t\t\t<\/div>\n\t\t\t\t<div class=\"elementor-element elementor-element-7781b95 elementor-widget elementor-widget-text-editor\" data-id=\"7781b95\" data-element_type=\"widget\" data-widget_type=\"text-editor.default\">\n\t\t\t\t<div class=\"elementor-widget-container\">\n\t\t\t\t\t\t\t<p><span style=\"color: #1a1717;\">Ind\u00fastria Qu\u00edmica<\/span><\/p>\t\t\t\t\t\t<\/div>\n\t\t\t\t<\/div>\n\t\t\t\t<\/a>\n\t\t<a class=\"elementor-element elementor-element-6606c96 e-con-full slice-box e-flex e-con e-child\" data-id=\"6606c96\" data-element_type=\"container\" data-settings=\"{&quot;content_width&quot;:&quot;full&quot;,&quot;jet_parallax_layout_list&quot;:[]}\" href=\"https:\/\/mpa.siteup.dev\/en\/automobilistica\/\">\n\t\t\t\t<div class=\"elementor-element elementor-element-b761854 elementor-widget elementor-widget-image\" data-id=\"b761854\" data-element_type=\"widget\" data-widget_type=\"image.default\">\n\t\t\t\t<div class=\"elementor-widget-container\">\n\t\t\t\t\t\t\t\t\t\t\t\t\t\t\t<img decoding=\"async\" width=\"64\" height=\"64\" src=\"https:\/\/mpa.siteup.dev\/wp-content\/uploads\/2023\/09\/car.png\" class=\"elementor-animation-grow attachment-large size-large wp-image-300\" alt=\"car\" \/>\t\t\t\t\t\t\t\t\t\t\t\t\t\t\t<\/div>\n\t\t\t\t<\/div>\n\t\t\t\t<div class=\"elementor-element elementor-element-d308b80 elementor-widget elementor-widget-text-editor\" data-id=\"d308b80\" data-element_type=\"widget\" data-widget_type=\"text-editor.default\">\n\t\t\t\t<div class=\"elementor-widget-container\">\n\t\t\t\t\t\t\t<p><span style=\"color: #1a1717;\">Ind\u00fastria <\/span><br \/><span style=\"color: #1a1717;\">Automobil\u00edstica<\/span><\/p>\t\t\t\t\t\t<\/div>\n\t\t\t\t<\/div>\n\t\t\t\t<\/a>\n\t\t<a class=\"elementor-element elementor-element-e1096b0 e-con-full slice-box e-flex e-con e-child\" data-id=\"e1096b0\" data-element_type=\"container\" data-settings=\"{&quot;content_width&quot;:&quot;full&quot;,&quot;jet_parallax_layout_list&quot;:[]}\" href=\"https:\/\/mpa.siteup.dev\/en\/alimentos-e-bebidas\/\">\n\t\t\t\t<div class=\"elementor-element elementor-element-3237520 elementor-widget elementor-widget-image\" data-id=\"3237520\" data-element_type=\"widget\" data-widget_type=\"image.default\">\n\t\t\t\t<div class=\"elementor-widget-container\">\n\t\t\t\t\t\t\t\t\t\t\t\t\t\t\t<img decoding=\"async\" width=\"66\" height=\"65\" src=\"https:\/\/mpa.siteup.dev\/wp-content\/uploads\/2023\/09\/conveyor.png\" class=\"elementor-animation-grow attachment-large size-large wp-image-301\" alt=\"conveyor\" \/>\t\t\t\t\t\t\t\t\t\t\t\t\t\t\t<\/div>\n\t\t\t\t<\/div>\n\t\t\t\t<div class=\"elementor-element elementor-element-a411a0e elementor-widget elementor-widget-text-editor\" data-id=\"a411a0e\" data-element_type=\"widget\" data-widget_type=\"text-editor.default\">\n\t\t\t\t<div class=\"elementor-widget-container\">\n\t\t\t\t\t\t\t<p><span style=\"color: #1a1717;\">Ind\u00fastria de <\/span><br \/><span style=\"color: #1a1717;\">Alimentos e Bebidas<\/span><\/p>\t\t\t\t\t\t<\/div>\n\t\t\t\t<\/div>\n\t\t\t\t<\/a>\n\t\t<a class=\"elementor-element elementor-element-df7d109 e-con-full slice-box e-flex e-con e-child\" data-id=\"df7d109\" data-element_type=\"container\" data-settings=\"{&quot;content_width&quot;:&quot;full&quot;,&quot;jet_parallax_layout_list&quot;:[]}\" href=\"https:\/\/mpa.siteup.dev\/en\/mineracao\/\">\n\t\t\t\t<div class=\"elementor-element elementor-element-ba1b098 elementor-widget elementor-widget-image\" data-id=\"ba1b098\" data-element_type=\"widget\" data-widget_type=\"image.default\">\n\t\t\t\t<div class=\"elementor-widget-container\">\n\t\t\t\t\t\t\t\t\t\t\t\t\t\t\t<img loading=\"lazy\" decoding=\"async\" width=\"64\" height=\"64\" src=\"https:\/\/mpa.siteup.dev\/wp-content\/uploads\/2023\/09\/charcoal.png\" class=\"elementor-animation-grow attachment-large size-large wp-image-302\" alt=\"charcoal\" \/>\t\t\t\t\t\t\t\t\t\t\t\t\t\t\t<\/div>\n\t\t\t\t<\/div>\n\t\t\t\t<div class=\"elementor-element elementor-element-1e6704f elementor-widget elementor-widget-text-editor\" data-id=\"1e6704f\" data-element_type=\"widget\" data-widget_type=\"text-editor.default\">\n\t\t\t\t<div class=\"elementor-widget-container\">\n\t\t\t\t\t\t\t<p><span style=\"color: #1a1717;\">Minera\u00e7\u00e3o<\/span><\/p>\t\t\t\t\t\t<\/div>\n\t\t\t\t<\/div>\n\t\t\t\t<\/a>\n\t\t\t\t\t<\/div>\n\t\t\t\t<\/div>\n\t\t<div class=\"elementor-element elementor-element-634fc41 e-flex e-con-boxed e-con e-parent\" data-id=\"634fc41\" data-element_type=\"container\" data-settings=\"{&quot;background_background&quot;:&quot;classic&quot;,&quot;jet_parallax_layout_list&quot;:[],&quot;content_width&quot;:&quot;boxed&quot;}\" data-core-v316-plus=\"true\">\n\t\t\t\t\t<div class=\"e-con-inner\">\n\t\t<a class=\"elementor-element elementor-element-9562de7 e-con-full slice-box e-flex e-con e-child\" data-id=\"9562de7\" data-element_type=\"container\" data-settings=\"{&quot;content_width&quot;:&quot;full&quot;,&quot;jet_parallax_layout_list&quot;:[]}\" href=\"https:\/\/mpa.siteup.dev\/en\/construcao-civil\/\">\n\t\t\t\t<div class=\"elementor-element elementor-element-b488268 elementor-widget elementor-widget-image\" data-id=\"b488268\" data-element_type=\"widget\" data-widget_type=\"image.default\">\n\t\t\t\t<div class=\"elementor-widget-container\">\n\t\t\t\t\t\t\t\t\t\t\t\t\t\t\t<img loading=\"lazy\" decoding=\"async\" width=\"64\" height=\"64\" src=\"https:\/\/mpa.siteup.dev\/wp-content\/uploads\/2023\/09\/engineering.png\" class=\"elementor-animation-grow attachment-large size-large wp-image-303\" alt=\"engineering\" \/>\t\t\t\t\t\t\t\t\t\t\t\t\t\t\t<\/div>\n\t\t\t\t<\/div>\n\t\t\t\t<div class=\"elementor-element elementor-element-1bca287 elementor-widget elementor-widget-text-editor\" data-id=\"1bca287\" data-element_type=\"widget\" data-widget_type=\"text-editor.default\">\n\t\t\t\t<div class=\"elementor-widget-container\">\n\t\t\t\t\t\t\t<p><span style=\"color: #1a1717;\">Constru\u00e7\u00e3o Civil<\/span><\/p>\t\t\t\t\t\t<\/div>\n\t\t\t\t<\/div>\n\t\t\t\t<\/a>\n\t\t<a class=\"elementor-element elementor-element-9cfd0e6 e-con-full slice-box e-flex e-con e-child\" data-id=\"9cfd0e6\" data-element_type=\"container\" data-settings=\"{&quot;content_width&quot;:&quot;full&quot;,&quot;jet_parallax_layout_list&quot;:[]}\" href=\"https:\/\/mpa.siteup.dev\/en\/agua-e-saneamento\/\">\n\t\t\t\t<div class=\"elementor-element elementor-element-f75a38e elementor-widget elementor-widget-image\" data-id=\"f75a38e\" data-element_type=\"widget\" data-widget_type=\"image.default\">\n\t\t\t\t<div class=\"elementor-widget-container\">\n\t\t\t\t\t\t\t\t\t\t\t\t\t\t\t<img loading=\"lazy\" decoding=\"async\" width=\"64\" height=\"64\" src=\"https:\/\/mpa.siteup.dev\/wp-content\/uploads\/2023\/09\/water-tap.png\" class=\"elementor-animation-grow attachment-large size-large wp-image-304\" alt=\"water tap\" \/>\t\t\t\t\t\t\t\t\t\t\t\t\t\t\t<\/div>\n\t\t\t\t<\/div>\n\t\t\t\t<div class=\"elementor-element elementor-element-5057147 elementor-widget elementor-widget-text-editor\" data-id=\"5057147\" data-element_type=\"widget\" data-widget_type=\"text-editor.default\">\n\t\t\t\t<div class=\"elementor-widget-container\">\n\t\t\t\t\t\t\t<p><span style=\"color: #1a1717;\">\u00c1gua e <\/span><br \/><span style=\"color: #1a1717;\">Saneamento<\/span><\/p>\t\t\t\t\t\t<\/div>\n\t\t\t\t<\/div>\n\t\t\t\t<\/a>\n\t\t<a class=\"elementor-element elementor-element-f81cd6b e-con-full slice-box e-flex e-con e-child\" data-id=\"f81cd6b\" data-element_type=\"container\" data-settings=\"{&quot;content_width&quot;:&quot;full&quot;,&quot;jet_parallax_layout_list&quot;:[]}\" href=\"https:\/\/mpa.siteup.dev\/en\/farmaceutica\/\">\n\t\t\t\t<div class=\"elementor-element elementor-element-b99a462 elementor-widget elementor-widget-image\" data-id=\"b99a462\" data-element_type=\"widget\" data-widget_type=\"image.default\">\n\t\t\t\t<div class=\"elementor-widget-container\">\n\t\t\t\t\t\t\t\t\t\t\t\t\t\t\t<img loading=\"lazy\" decoding=\"async\" width=\"51\" height=\"51\" src=\"https:\/\/mpa.siteup.dev\/wp-content\/uploads\/2023\/09\/drugs.png\" class=\"elementor-animation-grow attachment-large size-large wp-image-305\" alt=\"drugs\" \/>\t\t\t\t\t\t\t\t\t\t\t\t\t\t\t<\/div>\n\t\t\t\t<\/div>\n\t\t\t\t<div class=\"elementor-element elementor-element-a9275dd elementor-widget elementor-widget-text-editor\" data-id=\"a9275dd\" data-element_type=\"widget\" data-widget_type=\"text-editor.default\">\n\t\t\t\t<div class=\"elementor-widget-container\">\n\t\t\t\t\t\t\t<p><span style=\"color: #1a1717;\">Ind\u00fastria <\/span><br \/><span style=\"color: #1a1717;\">Farmac\u00eautica<\/span><\/p>\t\t\t\t\t\t<\/div>\n\t\t\t\t<\/div>\n\t\t\t\t<\/a>\n\t\t<a class=\"elementor-element elementor-element-629c64e e-con-full slice-box e-flex e-con e-child\" data-id=\"629c64e\" data-element_type=\"container\" data-settings=\"{&quot;content_width&quot;:&quot;full&quot;,&quot;jet_parallax_layout_list&quot;:[]}\" href=\"https:\/\/mpa.siteup.dev\/en\/cimento-e-agregados\/\">\n\t\t\t\t<div class=\"elementor-element elementor-element-9d3e76a elementor-widget elementor-widget-image\" data-id=\"9d3e76a\" data-element_type=\"widget\" data-widget_type=\"image.default\">\n\t\t\t\t<div class=\"elementor-widget-container\">\n\t\t\t\t\t\t\t\t\t\t\t\t\t\t\t<img loading=\"lazy\" decoding=\"async\" width=\"65\" height=\"64\" src=\"https:\/\/mpa.siteup.dev\/wp-content\/uploads\/2023\/09\/building-materials.png\" class=\"elementor-animation-grow attachment-large size-large wp-image-306\" alt=\"building materials\" \/>\t\t\t\t\t\t\t\t\t\t\t\t\t\t\t<\/div>\n\t\t\t\t<\/div>\n\t\t\t\t<div class=\"elementor-element elementor-element-3365519 elementor-widget elementor-widget-text-editor\" data-id=\"3365519\" data-element_type=\"widget\" data-widget_type=\"text-editor.default\">\n\t\t\t\t<div class=\"elementor-widget-container\">\n\t\t\t\t\t\t\t<p><span style=\"color: #1a1717;\">Cimento e <\/span><br \/><span style=\"color: #1a1717;\">Agregados<\/span><\/p>\t\t\t\t\t\t<\/div>\n\t\t\t\t<\/div>\n\t\t\t\t<\/a>\n\t\t\t\t\t<\/div>\n\t\t\t\t<\/div>\n\t\t<div class=\"elementor-element elementor-element-7ac0028 e-flex e-con-boxed e-con e-parent\" data-id=\"7ac0028\" data-element_type=\"container\" data-settings=\"{&quot;background_background&quot;:&quot;classic&quot;,&quot;jet_parallax_layout_list&quot;:[],&quot;content_width&quot;:&quot;boxed&quot;}\" data-core-v316-plus=\"true\">\n\t\t\t\t\t<div class=\"e-con-inner\">\n\t\t\t\t<div class=\"elementor-element elementor-element-9333705 elementor-widget elementor-widget-heading\" data-id=\"9333705\" data-element_type=\"widget\" data-widget_type=\"heading.default\">\n\t\t\t\t<div class=\"elementor-widget-container\">\n\t\t\t<h2 class=\"elementor-heading-title elementor-size-default\">CONTATO<\/h2>\t\t<\/div>\n\t\t\t\t<\/div>\n\t\t\t\t<div class=\"elementor-element elementor-element-537eaf7 elementor-widget elementor-widget-text-editor\" data-id=\"537eaf7\" data-element_type=\"widget\" data-widget_type=\"text-editor.default\">\n\t\t\t\t<div class=\"elementor-widget-container\">\n\t\t\t\t\t\t\t<p>Transformando desafios em solu\u00e7\u00f5es<\/p>\t\t\t\t\t\t<\/div>\n\t\t\t\t<\/div>\n\t\t\t\t<div class=\"elementor-element elementor-element-b78d92e elementor-widget elementor-widget-text-editor\" data-id=\"b78d92e\" data-element_type=\"widget\" data-widget_type=\"text-editor.default\">\n\t\t\t\t<div class=\"elementor-widget-container\">\n\t\t\t\t\t\t\t<p>Como podemos te ajudar hoje?<br \/>Entre em contato agora e fale com um especialista.<\/p>\t\t\t\t\t\t<\/div>\n\t\t\t\t<\/div>\n\t\t\t\t<div class=\"elementor-element elementor-element-b1ee4aa elementor-align-center slice-btn elementor-widget elementor-widget-button\" data-id=\"b1ee4aa\" data-element_type=\"widget\" data-widget_type=\"button.default\">\n\t\t\t\t<div class=\"elementor-widget-container\">\n\t\t\t\t\t<div class=\"elementor-button-wrapper\">\n\t\t\t<a class=\"elementor-button elementor-button-link elementor-size-sm elementor-animation-grow\" href=\"https:\/\/mpa.siteup.dev\/en\/contato\/\">\n\t\t\t\t\t\t<span class=\"elementor-button-content-wrapper\">\n\t\t\t\t\t\t<span class=\"elementor-button-text\">Falar com um especialista<\/span>\n\t\t<\/span>\n\t\t\t\t\t<\/a>\n\t\t<\/div>\n\t\t\t\t<\/div>\n\t\t\t\t<\/div>\n\t\t\t\t\t<\/div>\n\t\t\t\t<\/div>\n\t\t\t\t\t\t\t<\/div>","protected":false},"excerpt":{"rendered":"<p>A MPA atende diversos segmentos com expertise e excel\u00eancia Na MPA, acreditamos que cada setor industrial possui suas pr\u00f3prias demandas e desafios \u00fanicos. Com mais de uma d\u00e9cada de experi\u00eancia em engenharia e tecnologia, nos dedicamos a fornecer solu\u00e7\u00f5es sob medida para uma ampla gama de segmentos, impulsionando a inova\u00e7\u00e3o, efici\u00eancia e excel\u00eancia operacional Nossos [&hellip;]<\/p>","protected":false},"author":21,"featured_media":0,"parent":0,"menu_order":0,"comment_status":"closed","ping_status":"closed","template":"elementor_header_footer","meta":{"footnotes":""},"yoast_head":"<!-- This site is optimized with the Yoast SEO plugin v21.7 - https:\/\/yoast.com\/wordpress\/plugins\/seo\/ -->\n<title>Segmentos de Atua\u00e7\u00e3o | MPA<\/title>\n<meta name=\"description\" content=\"MPA atende diversos segmentos industriais com solu\u00e7\u00f5es de automa\u00e7\u00e3o eficientes e personalizadas para o seu neg\u00f3cio.\" \/>\n<meta name=\"robots\" content=\"noindex, follow, max-snippet:-1, max-image-preview:large, max-video-preview:-1\" \/>\n<meta property=\"og:locale\" content=\"en_US\" \/>\n<meta property=\"og:type\" content=\"article\" \/>\n<meta property=\"og:title\" content=\"Segmentos de Atua\u00e7\u00e3o | MPA\" \/>\n<meta property=\"og:description\" content=\"MPA atende diversos segmentos industriais com solu\u00e7\u00f5es de automa\u00e7\u00e3o eficientes e personalizadas para o seu neg\u00f3cio.\" \/>\n<meta property=\"og:url\" content=\"https:\/\/mpa.siteup.dev\/en\/segmentos\/\" \/>\n<meta property=\"og:site_name\" content=\"MPA Automa\u00e7\u00e3o\" \/>\n<meta property=\"article:modified_time\" content=\"2023-12-15T20:09:56+00:00\" \/>\n<meta property=\"og:image\" content=\"https:\/\/mpa.siteup.dev\/wp-content\/uploads\/2023\/09\/flask.png\" \/>\n<meta name=\"twitter:card\" content=\"summary_large_image\" \/>\n<meta name=\"twitter:label1\" content=\"Est. reading time\" \/>\n\t<meta name=\"twitter:data1\" content=\"3 minutes\" \/>\n<script type=\"application\/ld+json\" class=\"yoast-schema-graph\">{\"@context\":\"https:\/\/schema.org\",\"@graph\":[{\"@type\":\"WebPage\",\"@id\":\"https:\/\/mpa.siteup.dev\/segmentos\/\",\"url\":\"https:\/\/mpa.siteup.dev\/segmentos\/\",\"name\":\"Segmentos de Atua\u00e7\u00e3o | MPA\",\"isPartOf\":{\"@id\":\"https:\/\/mpa.siteup.dev\/#website\"},\"datePublished\":\"2023-10-03T14:16:29+00:00\",\"dateModified\":\"2023-12-15T20:09:56+00:00\",\"description\":\"MPA atende diversos segmentos industriais com solu\u00e7\u00f5es de automa\u00e7\u00e3o eficientes e personalizadas para o seu neg\u00f3cio.\",\"inLanguage\":\"en-US\",\"potentialAction\":[{\"@type\":\"ReadAction\",\"target\":[\"https:\/\/mpa.siteup.dev\/segmentos\/\"]}]},{\"@type\":\"WebSite\",\"@id\":\"https:\/\/mpa.siteup.dev\/#website\",\"url\":\"https:\/\/mpa.siteup.dev\/\",\"name\":\"MPA Automa\u00e7\u00e3o\",\"description\":\"\",\"potentialAction\":[{\"@type\":\"SearchAction\",\"target\":{\"@type\":\"EntryPoint\",\"urlTemplate\":\"https:\/\/mpa.siteup.dev\/?s={search_term_string}\"},\"query-input\":\"required name=search_term_string\"}],\"inLanguage\":\"en-US\"}]}<\/script>\n<!-- \/ Yoast SEO plugin. -->","yoast_head_json":{"title":"Segmentos de Atua\u00e7\u00e3o | MPA","description":"MPA atende diversos segmentos industriais com solu\u00e7\u00f5es de automa\u00e7\u00e3o eficientes e personalizadas para o seu neg\u00f3cio.","robots":{"index":"noindex","follow":"follow","max-snippet":"max-snippet:-1","max-image-preview":"max-image-preview:large","max-video-preview":"max-video-preview:-1"},"og_locale":"en_US","og_type":"article","og_title":"Segmentos de Atua\u00e7\u00e3o | MPA","og_description":"MPA atende diversos segmentos industriais com solu\u00e7\u00f5es de automa\u00e7\u00e3o eficientes e personalizadas para o seu neg\u00f3cio.","og_url":"https:\/\/mpa.siteup.dev\/en\/segmentos\/","og_site_name":"MPA Automa\u00e7\u00e3o","article_modified_time":"2023-12-15T20:09:56+00:00","og_image":[{"url":"https:\/\/mpa.siteup.dev\/wp-content\/uploads\/2023\/09\/flask.png"}],"twitter_card":"summary_large_image","twitter_misc":{"Est. reading time":"3 minutes"},"schema":{"@context":"https:\/\/schema.org","@graph":[{"@type":"WebPage","@id":"https:\/\/mpa.siteup.dev\/segmentos\/","url":"https:\/\/mpa.siteup.dev\/segmentos\/","name":"Segmentos de Atua\u00e7\u00e3o | MPA","isPartOf":{"@id":"https:\/\/mpa.siteup.dev\/#website"},"datePublished":"2023-10-03T14:16:29+00:00","dateModified":"2023-12-15T20:09:56+00:00","description":"MPA atende diversos segmentos industriais com solu\u00e7\u00f5es de automa\u00e7\u00e3o eficientes e personalizadas para o seu neg\u00f3cio.","inLanguage":"en-US","potentialAction":[{"@type":"ReadAction","target":["https:\/\/mpa.siteup.dev\/segmentos\/"]}]},{"@type":"WebSite","@id":"https:\/\/mpa.siteup.dev\/#website","url":"https:\/\/mpa.siteup.dev\/","name":"MPA Automa\u00e7\u00e3o","description":"","potentialAction":[{"@type":"SearchAction","target":{"@type":"EntryPoint","urlTemplate":"https:\/\/mpa.siteup.dev\/?s={search_term_string}"},"query-input":"required name=search_term_string"}],"inLanguage":"en-US"}]}},"_links":{"self":[{"href":"https:\/\/mpa.siteup.dev\/en\/wp-json\/wp\/v2\/pages\/469"}],"collection":[{"href":"https:\/\/mpa.siteup.dev\/en\/wp-json\/wp\/v2\/pages"}],"about":[{"href":"https:\/\/mpa.siteup.dev\/en\/wp-json\/wp\/v2\/types\/page"}],"author":[{"embeddable":true,"href":"https:\/\/mpa.siteup.dev\/en\/wp-json\/wp\/v2\/users\/21"}],"replies":[{"embeddable":true,"href":"https:\/\/mpa.siteup.dev\/en\/wp-json\/wp\/v2\/comments?post=469"}],"version-history":[{"count":74,"href":"https:\/\/mpa.siteup.dev\/en\/wp-json\/wp\/v2\/pages\/469\/revisions"}],"predecessor-version":[{"id":2924,"href":"https:\/\/mpa.siteup.dev\/en\/wp-json\/wp\/v2\/pages\/469\/revisions\/2924"}],"wp:attachment":[{"href":"https:\/\/mpa.siteup.dev\/en\/wp-json\/wp\/v2\/media?parent=469"}],"curies":[{"name":"wp","href":"https:\/\/api.w.org\/{rel}","templated":true}]}}